{"id":1610,"date":"2023-12-20T13:31:55","date_gmt":"2023-12-20T11:31:55","guid":{"rendered":"https:\/\/ftgkallefall.com\/product\/ftg-kallefall-grapple-fb210s\/"},"modified":"2024-06-15T09:49:57","modified_gmt":"2024-06-15T09:49:57","slug":"energieholzgreifer-fb210s","status":"publish","type":"product","link":"https:\/\/ftgkallefall.com\/de\/produkt\/energieholzgreifer-fb210s\/","title":{"rendered":"ENERGIEHOLZGREIFER FB210S"},"content":{"rendered":"<p>Der Energieholzgreifer FB210S ist f\u00fcr den professionellen Einsatz konzipiert. Diese Hochleistungskonstruktion ist f\u00fcr den intensiven und harten Einsatz geeignet.\u00a0Die robuste Konstruktion aus Domex 650-Stahl, hochwertige Komponenten und eine bew\u00e4hrte Designl\u00f6sung tragen zur langen Lebensdauer des Greifers bei.<\/p>\n<p>Die maximale \u00d6ffnungsweite des Greifers betr\u00e4gt 1310 mm bei einer Greiffl\u00e4che von 0,21 m<sup>2<\/sup>.\u00a0Der 4-Finger Greifer hat eine Flanschaufnahme und kann \u00fcber einen Flanschadapter an einem Rotator mit Abgangswelle oder direkt an Flanschrotatoren befestigt werden.<\/p>\n","protected":false},"excerpt":{"rendered":"<p>Greiffl\u00e4che 0.21 m\u00b2, \u00d6ffnungsweite 1310 mm<\/p>\n","protected":false},"featured_media":7165,"comment_status":"closed","ping_status":"closed","template":"","meta":{"_acf_changed":false,"inline_featured_image":false},"product_cat":[85,86],"product_tag":[],"acf":[],"_links":{"self":[{"href":"https:\/\/ftgkallefall.com\/de\/wp-json\/wp\/v2\/product\/1610"}],"collection":[{"href":"https:\/\/ftgkallefall.com\/de\/wp-json\/wp\/v2\/product"}],"about":[{"href":"https:\/\/ftgkallefall.com\/de\/wp-json\/wp\/v2\/types\/product"}],"replies":[{"embeddable":true,"href":"https:\/\/ftgkallefall.com\/de\/wp-json\/wp\/v2\/comments?post=1610"}],"wp:featuredmedia":[{"embeddable":true,"href":"https:\/\/ftgkallefall.com\/de\/wp-json\/wp\/v2\/media\/7165"}],"wp:attachment":[{"href":"https:\/\/ftgkallefall.com\/de\/wp-json\/wp\/v2\/media?parent=1610"}],"wp:term":[{"taxonomy":"product_cat","embeddable":true,"href":"https:\/\/ftgkallefall.com\/de\/wp-json\/wp\/v2\/product_cat?post=1610"},{"taxonomy":"product_tag","embeddable":true,"href":"https:\/\/ftgkallefall.com\/de\/wp-json\/wp\/v2\/product_tag?post=1610"}],"curies":[{"name":"wp","href":"https:\/\/api.w.org\/{rel}","templated":true}]}}