{"id":1625,"date":"2023-12-20T12:44:50","date_gmt":"2023-12-20T10:44:50","guid":{"rendered":"https:\/\/ftgkallefall.com\/?post_type=product&#038;p=1625"},"modified":"2024-06-15T07:23:32","modified_gmt":"2024-06-15T07:23:32","slug":"greifer-fb120","status":"publish","type":"product","link":"https:\/\/ftgkallefall.com\/de\/produkt\/greifer-fb120\/","title":{"rendered":"GREIFER FB120"},"content":{"rendered":"<p>Der Greifer FB120 ist das kleinste Modell in unserem Sortiment. Eine robuste Konstruktion, hochwertige Komponenten und eine bew\u00e4hrte Designl\u00f6sung tragen zur langen Lebensdauer des Greifers bei.<\/p>\n<p>Die maximale Griff\u00f6ffnungsbreite betr\u00e4gt 760 mm bei einer Grifffl\u00e4che von 0.12 m\u00b2. Alle Bolzen und Zylinderschl\u00e4uche sind sicher gesch\u00fctzt. Das Kupplungsloch der Holzzange betr\u00e4gt \u00d849.7 mm.<\/p>\n<div class=\"addthis_inline_share_toolbox\"><\/div>\n","protected":false},"excerpt":{"rendered":"<p>Greiffl\u00e4che 0.12 m\u00b2, \u00d6ffnungsweite 760 mm<\/p>\n","protected":false},"featured_media":6911,"comment_status":"closed","ping_status":"closed","template":"","meta":{"_acf_changed":false,"inline_featured_image":false},"product_cat":[85,86],"product_tag":[],"acf":[],"_links":{"self":[{"href":"https:\/\/ftgkallefall.com\/de\/wp-json\/wp\/v2\/product\/1625"}],"collection":[{"href":"https:\/\/ftgkallefall.com\/de\/wp-json\/wp\/v2\/product"}],"about":[{"href":"https:\/\/ftgkallefall.com\/de\/wp-json\/wp\/v2\/types\/product"}],"replies":[{"embeddable":true,"href":"https:\/\/ftgkallefall.com\/de\/wp-json\/wp\/v2\/comments?post=1625"}],"wp:featuredmedia":[{"embeddable":true,"href":"https:\/\/ftgkallefall.com\/de\/wp-json\/wp\/v2\/media\/6911"}],"wp:attachment":[{"href":"https:\/\/ftgkallefall.com\/de\/wp-json\/wp\/v2\/media?parent=1625"}],"wp:term":[{"taxonomy":"product_cat","embeddable":true,"href":"https:\/\/ftgkallefall.com\/de\/wp-json\/wp\/v2\/product_cat?post=1625"},{"taxonomy":"product_tag","embeddable":true,"href":"https:\/\/ftgkallefall.com\/de\/wp-json\/wp\/v2\/product_tag?post=1625"}],"curies":[{"name":"wp","href":"https:\/\/api.w.org\/{rel}","templated":true}]}}