{"id":1636,"date":"2024-01-29T10:24:35","date_gmt":"2024-01-29T08:24:35","guid":{"rendered":"https:\/\/ftgkallefall.com\/?post_type=product&#038;p=1636"},"modified":"2026-05-15T08:41:56","modified_gmt":"2026-05-15T06:41:56","slug":"ruckewagen-fb50","status":"publish","type":"product","link":"https:\/\/ftgkallefall.com\/de\/produkt\/ruckewagen-fb50\/","title":{"rendered":"R\u00dcCKEWAGEN FB50"},"content":{"rendered":"<p>Der R\u00fcckewagen FB50 verf\u00fcgt \u00fcber einen Zentralrohrrahmen, Boogieachse, stabilen Schutzgitter, gerade Deichsel mit Flansch-Zug\u00f6se \u00d8 40 mm, hydraulische Flap-Down Abst\u00fctzung mit Sperrventile, Rahmenverl\u00e4ngerung mit integriertes LED-R\u00fccklicht und Kennzeichenleuchten, insgesamt von 3 Rungenpaaren mit 6 Rungen, Zur\u00f6sen f\u00fcr Spanngurt und Bereifung 11.5\/80-15.3 mit Rillenprofil und Ventilschutz.<\/p>\n<ul>\n<li>R\u00fcckewagen mit max. zul\u00e4ssiges Gesamtgewicht von 6 300 kg<\/li>\n<li>R\u00fcckewagen-Kombination mit Kr\u00e4nen einer Reichweite bis 4,7 m<\/li>\n<li>Maximale Ladel\u00e4nge 3,5 m<\/li>\n<\/ul>\n","protected":false},"excerpt":{"rendered":"<p>FB50 hat eine Nutzlast von 5 Tonnen und ein maximal zGG. von 6,3 Tonnen<\/p>\n","protected":false},"featured_media":1260,"comment_status":"closed","ping_status":"closed","template":"","meta":{"_acf_changed":false,"inline_featured_image":false},"product_cat":[84],"product_tag":[],"acf":[],"_links":{"self":[{"href":"https:\/\/ftgkallefall.com\/de\/wp-json\/wp\/v2\/product\/1636"}],"collection":[{"href":"https:\/\/ftgkallefall.com\/de\/wp-json\/wp\/v2\/product"}],"about":[{"href":"https:\/\/ftgkallefall.com\/de\/wp-json\/wp\/v2\/types\/product"}],"replies":[{"embeddable":true,"href":"https:\/\/ftgkallefall.com\/de\/wp-json\/wp\/v2\/comments?post=1636"}],"wp:featuredmedia":[{"embeddable":true,"href":"https:\/\/ftgkallefall.com\/de\/wp-json\/wp\/v2\/media\/1260"}],"wp:attachment":[{"href":"https:\/\/ftgkallefall.com\/de\/wp-json\/wp\/v2\/media?parent=1636"}],"wp:term":[{"taxonomy":"product_cat","embeddable":true,"href":"https:\/\/ftgkallefall.com\/de\/wp-json\/wp\/v2\/product_cat?post=1636"},{"taxonomy":"product_tag","embeddable":true,"href":"https:\/\/ftgkallefall.com\/de\/wp-json\/wp\/v2\/product_tag?post=1636"}],"curies":[{"name":"wp","href":"https:\/\/api.w.org\/{rel}","templated":true}]}}