{"id":1640,"date":"2024-01-29T10:54:45","date_gmt":"2024-01-29T08:54:45","guid":{"rendered":"https:\/\/ftgkallefall.com\/?post_type=product&#038;p=1640"},"modified":"2025-08-14T08:33:15","modified_gmt":"2025-08-14T06:33:15","slug":"ruckewagen-fb60","status":"publish","type":"product","link":"https:\/\/ftgkallefall.com\/de\/produkt\/ruckewagen-fb60\/","title":{"rendered":"R\u00dcCKEWAGEN FB60"},"content":{"rendered":"<p>Der R\u00fcckewagen FB60 verf\u00fcgt \u00fcber einen verst\u00e4rkten Zentralrohrrahmen, Boogieachse, stabilen Schutzgitter, gerade Deichsel, hydraulische Flap-Down Abst\u00fctzung, 2 verschiebbare Rungenb\u00e4nke mit 4 Rungen, Zur\u00f6sen f\u00fcr Spanngurt und Bereifung 11.5\/80-15.3 mit Rillenprofil und Ventilschutz.<\/p>\n<ul>\n<li>Verst\u00e4rkter Rahmen f\u00fcr l\u00e4ngere Lebensdauer<\/li>\n<li>M\u00f6glich mit 400-Bereifung auszustatten<\/li>\n<li>Erh\u00e4ltlich mit Kran bis zu einer Reichweite von 5.3 m<\/li>\n<\/ul>\n","protected":false},"excerpt":{"rendered":"<p>FB60 haben eine Nutzlast von 6 Tonnen und ein maximal zGG. von 7,5 Tonnen.<\/p>\n","protected":false},"featured_media":1326,"comment_status":"closed","ping_status":"closed","template":"","meta":{"_acf_changed":false,"inline_featured_image":false},"product_cat":[84],"product_tag":[],"acf":[],"_links":{"self":[{"href":"https:\/\/ftgkallefall.com\/de\/wp-json\/wp\/v2\/product\/1640"}],"collection":[{"href":"https:\/\/ftgkallefall.com\/de\/wp-json\/wp\/v2\/product"}],"about":[{"href":"https:\/\/ftgkallefall.com\/de\/wp-json\/wp\/v2\/types\/product"}],"replies":[{"embeddable":true,"href":"https:\/\/ftgkallefall.com\/de\/wp-json\/wp\/v2\/comments?post=1640"}],"wp:featuredmedia":[{"embeddable":true,"href":"https:\/\/ftgkallefall.com\/de\/wp-json\/wp\/v2\/media\/1326"}],"wp:attachment":[{"href":"https:\/\/ftgkallefall.com\/de\/wp-json\/wp\/v2\/media?parent=1640"}],"wp:term":[{"taxonomy":"product_cat","embeddable":true,"href":"https:\/\/ftgkallefall.com\/de\/wp-json\/wp\/v2\/product_cat?post=1640"},{"taxonomy":"product_tag","embeddable":true,"href":"https:\/\/ftgkallefall.com\/de\/wp-json\/wp\/v2\/product_tag?post=1640"}],"curies":[{"name":"wp","href":"https:\/\/api.w.org\/{rel}","templated":true}]}}