{"id":1736,"date":"2024-01-29T11:00:15","date_gmt":"2024-01-29T09:00:15","guid":{"rendered":"https:\/\/ftgkallefall.com\/?post_type=product&#038;p=1736"},"modified":"2025-08-14T08:34:09","modified_gmt":"2025-08-14T06:34:09","slug":"ruckewagen-fb70","status":"publish","type":"product","link":"https:\/\/ftgkallefall.com\/de\/produkt\/ruckewagen-fb70\/","title":{"rendered":"R\u00dcCKEWAGEN FB70"},"content":{"rendered":"<p>Der R\u00fcckewagen FB70 verf\u00fcgt \u00fcber einen Zentralrohrrahmen, gerade Deichsel, hydraulische Deichsellenkung, stabilen Schutzgitter, teleskopische A-Abst\u00fctzungen mit innenliegenden Zylindern, klappbares Stehpodest mit Leiter, Boogieachse, Hydraulikbremse auf 2 R\u00e4der, 3 verschiebbare Rungenb\u00e4nke mit 6 Rungen, Zur\u00f6sen f\u00fcr Spanngurt und Bereifung 11,5\/80-15,3 mit Rillenprofil und Ventilschutz.<\/p>\n<ul>\n<li>\u201eEasy-Climbing\u201c Boogie-Achsen zur \u00dcberwindung von Hindernissen<\/li>\n<li>Bessere Wendigkeit des Anh\u00e4ngers mit einer Lenkdeichsel<\/li>\n<li>R\u00fcckewagen-Kombination mit Kr\u00e4nen einer Reichweite bis 6,9 m<\/li>\n<\/ul>\n","protected":false},"excerpt":{"rendered":"<p>FB70 haben eine Nutzlast von 7 Tonnen und ein maximal zGG. von 9 Tonnen.<\/p>\n","protected":false},"featured_media":4895,"comment_status":"closed","ping_status":"closed","template":"","meta":{"_acf_changed":false,"inline_featured_image":false},"product_cat":[84],"product_tag":[],"acf":[],"_links":{"self":[{"href":"https:\/\/ftgkallefall.com\/de\/wp-json\/wp\/v2\/product\/1736"}],"collection":[{"href":"https:\/\/ftgkallefall.com\/de\/wp-json\/wp\/v2\/product"}],"about":[{"href":"https:\/\/ftgkallefall.com\/de\/wp-json\/wp\/v2\/types\/product"}],"replies":[{"embeddable":true,"href":"https:\/\/ftgkallefall.com\/de\/wp-json\/wp\/v2\/comments?post=1736"}],"wp:featuredmedia":[{"embeddable":true,"href":"https:\/\/ftgkallefall.com\/de\/wp-json\/wp\/v2\/media\/4895"}],"wp:attachment":[{"href":"https:\/\/ftgkallefall.com\/de\/wp-json\/wp\/v2\/media?parent=1736"}],"wp:term":[{"taxonomy":"product_cat","embeddable":true,"href":"https:\/\/ftgkallefall.com\/de\/wp-json\/wp\/v2\/product_cat?post=1736"},{"taxonomy":"product_tag","embeddable":true,"href":"https:\/\/ftgkallefall.com\/de\/wp-json\/wp\/v2\/product_tag?post=1736"}],"curies":[{"name":"wp","href":"https:\/\/api.w.org\/{rel}","templated":true}]}}