{"id":1757,"date":"2024-01-30T11:10:36","date_gmt":"2024-01-30T09:10:36","guid":{"rendered":"https:\/\/ftgkallefall.com\/?post_type=product&#038;p=1757"},"modified":"2025-08-14T08:40:01","modified_gmt":"2025-08-14T06:40:01","slug":"ruckewagen-fb120d","status":"publish","type":"product","link":"https:\/\/ftgkallefall.com\/de\/produkt\/ruckewagen-fb120d\/","title":{"rendered":"R\u00dcCKEWAGEN FB120D"},"content":{"rendered":"<p>Der R\u00fcckewagen FB120D verf\u00fcgt \u00fcber einen Doppelrohrrahmen, gerade Deichsel mit Flansch-Zug\u00f6se \u00d8 40 mm, hydraulische Deichsellenkung mit 2 Zylindern, stabilen Schutzgitter, hydraulische Flap-Down Abst\u00fctzung mit Sperrventil, \u00a0Boogieachse, Druckluftbremse auf 4 R\u00e4dern, 4 Rungenpaare mit 8 Rungen, Rungenbefestigung, Zur\u00f6sen f\u00fcr Spanngurt, Rungenhalterung f\u00fcr Meterholz-B\u00fcndel,\u00a0 Bereifung 500\/50-17 mit Stollenprofill und Ventilschutz.<\/p>\n<ul>\n<li>Max. zul\u00e4ssiges Gesamtgewicht von 16000 kg *<\/li>\n<li>Ausziehbare Rahmenverl\u00e4ngerung bis zu 5.1 m Ladel\u00e4nge<\/li>\n<\/ul>\n","protected":false},"excerpt":{"rendered":"<p>FB120D haben eine Nutzlast von 12 Tonnen und ein maximal zGG. von 16 Tonnen.<\/p>\n","protected":false},"featured_media":888,"comment_status":"closed","ping_status":"closed","template":"","meta":{"_acf_changed":false,"inline_featured_image":false},"product_cat":[84],"product_tag":[],"acf":[],"_links":{"self":[{"href":"https:\/\/ftgkallefall.com\/de\/wp-json\/wp\/v2\/product\/1757"}],"collection":[{"href":"https:\/\/ftgkallefall.com\/de\/wp-json\/wp\/v2\/product"}],"about":[{"href":"https:\/\/ftgkallefall.com\/de\/wp-json\/wp\/v2\/types\/product"}],"replies":[{"embeddable":true,"href":"https:\/\/ftgkallefall.com\/de\/wp-json\/wp\/v2\/comments?post=1757"}],"wp:featuredmedia":[{"embeddable":true,"href":"https:\/\/ftgkallefall.com\/de\/wp-json\/wp\/v2\/media\/888"}],"wp:attachment":[{"href":"https:\/\/ftgkallefall.com\/de\/wp-json\/wp\/v2\/media?parent=1757"}],"wp:term":[{"taxonomy":"product_cat","embeddable":true,"href":"https:\/\/ftgkallefall.com\/de\/wp-json\/wp\/v2\/product_cat?post=1757"},{"taxonomy":"product_tag","embeddable":true,"href":"https:\/\/ftgkallefall.com\/de\/wp-json\/wp\/v2\/product_tag?post=1757"}],"curies":[{"name":"wp","href":"https:\/\/api.w.org\/{rel}","templated":true}]}}