{"id":1762,"date":"2024-01-29T11:27:53","date_gmt":"2024-01-29T09:27:53","guid":{"rendered":"https:\/\/ftgkallefall.com\/?post_type=product&#038;p=1762"},"modified":"2025-08-14T08:36:20","modified_gmt":"2025-08-14T06:36:20","slug":"ruckewagen-fb90","status":"publish","type":"product","link":"https:\/\/ftgkallefall.com\/de\/produkt\/ruckewagen-fb90\/","title":{"rendered":"R\u00dcCKEWAGEN FB90"},"content":{"rendered":"<p>Der R\u00fcckewagen FB90 verf\u00fcgt \u00fcber einen Zentralrohrrahmen, gerade Deichsel, hydraulische Deichsellenkung mit 2 Zylindern, stabilen Schutzgitter, teleskopische A-Abst\u00fctzungen mit innenliegenden Zylindern, Werkzeugk\u00e4sten, Stehpodest mit Leiter, Boogieachse, Hydraulikbremse auf 2 R\u00e4der, 4 verschiebbare Rungenb\u00e4nke mit 8 Rungen, Zur\u00f6sen f\u00fcr Spanngurt und Bereifung 400\/60-15.5 mit Stollenprofill und Ventilschutz.<\/p>\n<ul>\n<li>Verst\u00e4rkte Schutzgitter-Design gew\u00e4hrleistet vertrauensw\u00fcrdige Festigkeit und Zuverl\u00e4ssigkeit<\/li>\n<li>R\u00fcckewagen-Kombination mit Kr\u00e4nen einer Reichweite bis 6,9 m<\/li>\n<li>Ladel\u00e4nge mit Rahmenverl\u00e4ngerung bis 4,5 m<\/li>\n<\/ul>\n","protected":false},"excerpt":{"rendered":"<p>FB90 haben eine Nutzlast von 9 Tonnen und ein maximal zGG. von 11,3 Tonnen.<\/p>\n","protected":false},"featured_media":1149,"comment_status":"closed","ping_status":"closed","template":"","meta":{"_acf_changed":false,"inline_featured_image":false},"product_cat":[84],"product_tag":[],"acf":[],"_links":{"self":[{"href":"https:\/\/ftgkallefall.com\/de\/wp-json\/wp\/v2\/product\/1762"}],"collection":[{"href":"https:\/\/ftgkallefall.com\/de\/wp-json\/wp\/v2\/product"}],"about":[{"href":"https:\/\/ftgkallefall.com\/de\/wp-json\/wp\/v2\/types\/product"}],"replies":[{"embeddable":true,"href":"https:\/\/ftgkallefall.com\/de\/wp-json\/wp\/v2\/comments?post=1762"}],"wp:featuredmedia":[{"embeddable":true,"href":"https:\/\/ftgkallefall.com\/de\/wp-json\/wp\/v2\/media\/1149"}],"wp:attachment":[{"href":"https:\/\/ftgkallefall.com\/de\/wp-json\/wp\/v2\/media?parent=1762"}],"wp:term":[{"taxonomy":"product_cat","embeddable":true,"href":"https:\/\/ftgkallefall.com\/de\/wp-json\/wp\/v2\/product_cat?post=1762"},{"taxonomy":"product_tag","embeddable":true,"href":"https:\/\/ftgkallefall.com\/de\/wp-json\/wp\/v2\/product_tag?post=1762"}],"curies":[{"name":"wp","href":"https:\/\/api.w.org\/{rel}","templated":true}]}}