{"id":1769,"date":"2024-01-30T11:13:44","date_gmt":"2024-01-30T09:13:44","guid":{"rendered":"https:\/\/ftgkallefall.com\/?post_type=product&#038;p=1769"},"modified":"2025-11-10T00:59:27","modified_gmt":"2025-11-09T22:59:27","slug":"forstkran-fb42l","status":"publish","type":"product","link":"https:\/\/ftgkallefall.com\/de\/produkt\/forstkran-fb42l\/","title":{"rendered":"FORSTKRAN FB42L"},"content":{"rendered":"<p>Der Forstkran FB42L ist mit einem Weitwinkelgelenk f\u00fcr ein verbessertes Bewegungsmuster ausgestattet und verf\u00fcgt \u00fcber ein Hubmoment von 25 kNm (Brutto). Der Kran FB42L ist standardm\u00e4\u00dfig mit einem 3-Tonnen-Rotator, Rotatorgelenk ohne Bremse und Greifer FB120 ausgestattet und ist der ideale Forstkran f\u00fcr kleine Traktoren und Anh\u00e4nger.<\/p>\n<ul>\n<li>Gut gesch\u00fctzte und gef\u00fchrte Hydraulikschl\u00e4uche<\/li>\n<li>Hauptausleger bereit f\u00fcr die Seilwindenmontage<\/li>\n<li>3-Punkt-Rahmen f\u00fcr Traktor erh\u00e4ltlich<\/li>\n<\/ul>\n<p>&nbsp;<\/p>\n","protected":false},"excerpt":{"rendered":"<p>FB42L hat eine Kranl\u00e4nge von 4,2 m<\/p>\n","protected":false},"featured_media":1263,"comment_status":"closed","ping_status":"closed","template":"","meta":{"_acf_changed":false,"inline_featured_image":false},"product_cat":[92],"product_tag":[],"acf":[],"_links":{"self":[{"href":"https:\/\/ftgkallefall.com\/de\/wp-json\/wp\/v2\/product\/1769"}],"collection":[{"href":"https:\/\/ftgkallefall.com\/de\/wp-json\/wp\/v2\/product"}],"about":[{"href":"https:\/\/ftgkallefall.com\/de\/wp-json\/wp\/v2\/types\/product"}],"replies":[{"embeddable":true,"href":"https:\/\/ftgkallefall.com\/de\/wp-json\/wp\/v2\/comments?post=1769"}],"wp:featuredmedia":[{"embeddable":true,"href":"https:\/\/ftgkallefall.com\/de\/wp-json\/wp\/v2\/media\/1263"}],"wp:attachment":[{"href":"https:\/\/ftgkallefall.com\/de\/wp-json\/wp\/v2\/media?parent=1769"}],"wp:term":[{"taxonomy":"product_cat","embeddable":true,"href":"https:\/\/ftgkallefall.com\/de\/wp-json\/wp\/v2\/product_cat?post=1769"},{"taxonomy":"product_tag","embeddable":true,"href":"https:\/\/ftgkallefall.com\/de\/wp-json\/wp\/v2\/product_tag?post=1769"}],"curies":[{"name":"wp","href":"https:\/\/api.w.org\/{rel}","templated":true}]}}