{"id":1775,"date":"2024-01-30T11:16:49","date_gmt":"2024-01-30T09:16:49","guid":{"rendered":"https:\/\/ftgkallefall.com\/?post_type=product&#038;p=1775"},"modified":"2026-01-08T09:27:49","modified_gmt":"2026-01-08T07:27:49","slug":"forstkran-fb47l","status":"publish","type":"product","link":"https:\/\/ftgkallefall.com\/de\/produkt\/forstkran-fb47l\/","title":{"rendered":"FORSTKRAN FB47L"},"content":{"rendered":"<p>Der Forstkran FB47L hat eine Reichweite von 4,7 Metern. Er ist mit einem Weitwinkelgelenk f\u00fcr ein verbessertes Bewegungsmuster ausgestattet und hat ein Hubmoment von 28 kNm (Brutto). Der Kran FB47L ist standardm\u00e4\u00dfig mit einem 3-Tonnen-Rotator, Rotatorgelenk ohne Bremse, Greifer FB160 ausgestattet und ist der ideale Forstkran f\u00fcr kleine Traktoren und Anh\u00e4nger.<\/p>\n<ul>\n<li>Saubere Konstruktion \u2013 Schl\u00e4uche gut gesch\u00fctzt im Ausleger<\/li>\n<li>Hauptausleger bereit f\u00fcr Seilwindenmontage<\/li>\n<li>3-Punkt-Rahmen f\u00fcr Traktor verf\u00fcgbar<\/li>\n<\/ul>\n","protected":false},"excerpt":{"rendered":"<p>FB47L hat eine Kranl\u00e4nge von 4,7 m<\/p>\n","protected":false},"featured_media":1275,"comment_status":"closed","ping_status":"closed","template":"","meta":{"_acf_changed":false,"inline_featured_image":false},"product_cat":[92],"product_tag":[],"acf":[],"_links":{"self":[{"href":"https:\/\/ftgkallefall.com\/de\/wp-json\/wp\/v2\/product\/1775"}],"collection":[{"href":"https:\/\/ftgkallefall.com\/de\/wp-json\/wp\/v2\/product"}],"about":[{"href":"https:\/\/ftgkallefall.com\/de\/wp-json\/wp\/v2\/types\/product"}],"replies":[{"embeddable":true,"href":"https:\/\/ftgkallefall.com\/de\/wp-json\/wp\/v2\/comments?post=1775"}],"wp:featuredmedia":[{"embeddable":true,"href":"https:\/\/ftgkallefall.com\/de\/wp-json\/wp\/v2\/media\/1275"}],"wp:attachment":[{"href":"https:\/\/ftgkallefall.com\/de\/wp-json\/wp\/v2\/media?parent=1775"}],"wp:term":[{"taxonomy":"product_cat","embeddable":true,"href":"https:\/\/ftgkallefall.com\/de\/wp-json\/wp\/v2\/product_cat?post=1775"},{"taxonomy":"product_tag","embeddable":true,"href":"https:\/\/ftgkallefall.com\/de\/wp-json\/wp\/v2\/product_tag?post=1775"}],"curies":[{"name":"wp","href":"https:\/\/api.w.org\/{rel}","templated":true}]}}