{"id":1780,"date":"2024-01-30T11:03:55","date_gmt":"2024-01-30T09:03:55","guid":{"rendered":"https:\/\/ftgkallefall.com\/?post_type=product&#038;p=1780"},"modified":"2026-05-15T08:46:04","modified_gmt":"2026-05-15T06:46:04","slug":"ruckewagen-fb90-2wd","status":"publish","type":"product","link":"https:\/\/ftgkallefall.com\/de\/produkt\/ruckewagen-fb90-2wd\/","title":{"rendered":"R\u00dcCKEWAGEN FB90-2WD"},"content":{"rendered":"<p>Der R\u00fcckewagen FB90-2WD verf\u00fcgt \u00fcber einen Zentralrohrrahmen, gerade Deichsel mit Flansch-Zug\u00f6se \u00d8 40 mm, hydraulische Deichsellenkung, stabilen Schutzgitter, teleskopische A-Abst\u00fctzung mit innenliegenden Zylindern und Sperrventile, Rahmenverl\u00e4ngerung mit integriertes LED-R\u00fccklicht und Kennzeichenleuchten, Boogieachse, insgesamt von 3 Rungenpaaren mit 6 Rungen, Zur\u00f6sen f\u00fcr Spanngurt und Bereifung 400\/60-15.5 mit Stollenprofil und Ventilschutz.<\/p>\n<ul>\n<li>R\u00fcckewagen mit max. zul\u00e4ssiges Gesamtgewicht von 9 000 kg<\/li>\n<li>R\u00fcckewagen-Kombination mit Kr\u00e4nen einer Reichweite bis 7,5 m<\/li>\n<li>Innovatives Steuerungs- und Schutzsystem<\/li>\n<li>Freilauf bei Stra\u00dfenfahrten bis 40 km\/h<\/li>\n<\/ul>\n","protected":false},"excerpt":{"rendered":"<p>FB90-2WD hat eine Nutzlast von 9 Tonnen und ein maximal zGG. von 11,5 Tonnen<\/p>\n","protected":false},"featured_media":1338,"comment_status":"closed","ping_status":"closed","template":"","meta":{"_acf_changed":false,"inline_featured_image":false},"product_cat":[84],"product_tag":[],"acf":[],"_links":{"self":[{"href":"https:\/\/ftgkallefall.com\/de\/wp-json\/wp\/v2\/product\/1780"}],"collection":[{"href":"https:\/\/ftgkallefall.com\/de\/wp-json\/wp\/v2\/product"}],"about":[{"href":"https:\/\/ftgkallefall.com\/de\/wp-json\/wp\/v2\/types\/product"}],"replies":[{"embeddable":true,"href":"https:\/\/ftgkallefall.com\/de\/wp-json\/wp\/v2\/comments?post=1780"}],"wp:featuredmedia":[{"embeddable":true,"href":"https:\/\/ftgkallefall.com\/de\/wp-json\/wp\/v2\/media\/1338"}],"wp:attachment":[{"href":"https:\/\/ftgkallefall.com\/de\/wp-json\/wp\/v2\/media?parent=1780"}],"wp:term":[{"taxonomy":"product_cat","embeddable":true,"href":"https:\/\/ftgkallefall.com\/de\/wp-json\/wp\/v2\/product_cat?post=1780"},{"taxonomy":"product_tag","embeddable":true,"href":"https:\/\/ftgkallefall.com\/de\/wp-json\/wp\/v2\/product_tag?post=1780"}],"curies":[{"name":"wp","href":"https:\/\/api.w.org\/{rel}","templated":true}]}}