{"id":1784,"date":"2023-12-20T12:47:39","date_gmt":"2023-12-20T10:47:39","guid":{"rendered":"https:\/\/ftgkallefall.com\/?post_type=product&#038;p=1784"},"modified":"2024-06-15T08:17:56","modified_gmt":"2024-06-15T08:17:56","slug":"energieholzgreifer-fb160s","status":"publish","type":"product","link":"https:\/\/ftgkallefall.com\/de\/produkt\/energieholzgreifer-fb160s\/","title":{"rendered":"ENERGIEHOLZGREIFER FB160S"},"content":{"rendered":"<p>Der Energieholzgreifer FB160S ist ein kompakter Energieholzgreifer f\u00fcr die Pflege von B\u00fcschen, \u00c4sten und Holzst\u00e4mmen ausgelegt. Die robuste Konstruktion aus Domex 650-Stahl, hochwertige Komponenten und eine bew\u00e4hrte Designl\u00f6sung tragen zur langen Lebensdauer des Greifers bei.<\/p>\n<p>Die maximale Griff\u00f6ffnungsbreite betr\u00e4gt 1020 mm bei einer Grifffl\u00e4che von 0.16 m<sup>2<\/sup>. Alle Bolzen und Zylinderschl\u00e4uche sind sicher gesch\u00fctzt. Das Kupplungsloch der Holzzange betr\u00e4gt \u00d849.7 mm.<\/p>\n","protected":false},"excerpt":{"rendered":"<p>Greiffl\u00e4che 0.16 m\u00b2, \u00d6ffnungsweite 1020 mm<\/p>\n","protected":false},"featured_media":7130,"comment_status":"closed","ping_status":"closed","template":"","meta":{"_acf_changed":false,"inline_featured_image":false},"product_cat":[85,86],"product_tag":[],"acf":[],"_links":{"self":[{"href":"https:\/\/ftgkallefall.com\/de\/wp-json\/wp\/v2\/product\/1784"}],"collection":[{"href":"https:\/\/ftgkallefall.com\/de\/wp-json\/wp\/v2\/product"}],"about":[{"href":"https:\/\/ftgkallefall.com\/de\/wp-json\/wp\/v2\/types\/product"}],"replies":[{"embeddable":true,"href":"https:\/\/ftgkallefall.com\/de\/wp-json\/wp\/v2\/comments?post=1784"}],"wp:featuredmedia":[{"embeddable":true,"href":"https:\/\/ftgkallefall.com\/de\/wp-json\/wp\/v2\/media\/7130"}],"wp:attachment":[{"href":"https:\/\/ftgkallefall.com\/de\/wp-json\/wp\/v2\/media?parent=1784"}],"wp:term":[{"taxonomy":"product_cat","embeddable":true,"href":"https:\/\/ftgkallefall.com\/de\/wp-json\/wp\/v2\/product_cat?post=1784"},{"taxonomy":"product_tag","embeddable":true,"href":"https:\/\/ftgkallefall.com\/de\/wp-json\/wp\/v2\/product_tag?post=1784"}],"curies":[{"name":"wp","href":"https:\/\/api.w.org\/{rel}","templated":true}]}}