{"id":1785,"date":"2023-12-28T14:04:11","date_gmt":"2023-12-28T12:04:11","guid":{"rendered":"https:\/\/ftgkallefall.com\/?post_type=product&#038;p=1785"},"modified":"2024-06-25T13:24:53","modified_gmt":"2024-06-25T13:24:53","slug":"4t-rotatorgelenk-mit-pendelbremse","status":"publish","type":"product","link":"https:\/\/ftgkallefall.com\/de\/produkt\/4t-rotatorgelenk-mit-pendelbremse\/","title":{"rendered":"4T Rotatorgelenk mit Pendelbremse"},"content":{"rendered":"<p>Rotatorgelenke werden verwendet, um die Kranspitze mit dem Rotator und dem Greifer zu verbinden.<\/p>\n<p>F\u00fcr schwerere Anwendungen, die eine Schwingungsd\u00e4mpfung erfordern, werden Rotatoren mit Pendelbremse ben\u00f6tigt.<\/p>\n","protected":false},"excerpt":{"rendered":"<p>passend f\u00fcr 4 Tonnen Rotator<\/p>\n","protected":false},"featured_media":1395,"comment_status":"open","ping_status":"closed","template":"","meta":{"_acf_changed":false,"inline_featured_image":false},"product_cat":[85,93],"product_tag":[],"acf":[],"_links":{"self":[{"href":"https:\/\/ftgkallefall.com\/de\/wp-json\/wp\/v2\/product\/1785"}],"collection":[{"href":"https:\/\/ftgkallefall.com\/de\/wp-json\/wp\/v2\/product"}],"about":[{"href":"https:\/\/ftgkallefall.com\/de\/wp-json\/wp\/v2\/types\/product"}],"replies":[{"embeddable":true,"href":"https:\/\/ftgkallefall.com\/de\/wp-json\/wp\/v2\/comments?post=1785"}],"wp:featuredmedia":[{"embeddable":true,"href":"https:\/\/ftgkallefall.com\/de\/wp-json\/wp\/v2\/media\/1395"}],"wp:attachment":[{"href":"https:\/\/ftgkallefall.com\/de\/wp-json\/wp\/v2\/media?parent=1785"}],"wp:term":[{"taxonomy":"product_cat","embeddable":true,"href":"https:\/\/ftgkallefall.com\/de\/wp-json\/wp\/v2\/product_cat?post=1785"},{"taxonomy":"product_tag","embeddable":true,"href":"https:\/\/ftgkallefall.com\/de\/wp-json\/wp\/v2\/product_tag?post=1785"}],"curies":[{"name":"wp","href":"https:\/\/api.w.org\/{rel}","templated":true}]}}