{"id":1786,"date":"2024-01-30T11:20:40","date_gmt":"2024-01-30T09:20:40","guid":{"rendered":"https:\/\/ftgkallefall.com\/?post_type=product&#038;p=1786"},"modified":"2026-01-08T09:29:07","modified_gmt":"2026-01-08T07:29:07","slug":"forstkran-fb51","status":"publish","type":"product","link":"https:\/\/ftgkallefall.com\/de\/produkt\/forstkran-fb51\/","title":{"rendered":"FORSTKRAN FB51"},"content":{"rendered":"<p>Der Forstkran FB51 ist mit einem Schwenkmotor mit 4 Schwenkzylindern ausgestattet und verf\u00fcgt \u00fcber ein 3 Tonnen endlos Rotator, Hydraulikschlauchverbindung zum Rotator, Rotatorgelenk ohne Pendelbremse und Greifer FB160.<\/p>\n<p>Der Kran FB51 ist ein kompakter Lader f\u00fcr m\u00fcheloses Holzhandling mit einer Reichweite von 5,1 m, der die ideale Wahl f\u00fcr kleine Traktoren und Anh\u00e4nger ist. Dieses Modell ist mit einem 4-Zylinder-Schwenkmotor ausgestattet und hat bei maximaler Reichweite ein Hubmoment von 32 kNm (Brutto).<\/p>\n<p>Das Rotatorgelenk wird standardm\u00e4\u00dfig ohne Pendelbremse geliefert, kann jedoch bei Bedarf auf eine gebremste Version aufger\u00fcstet werden. Alle unsere Krane werden mit angeschlossenen Hydraulikschl\u00e4uchen an den Rotator geliefert.<\/p>\n<ul>\n<li>Gut gesch\u00fctzte und gef\u00fchrte Hydraulikschl\u00e4uche<\/li>\n<li>Hauptausleger bereit f\u00fcr die Seilwindenmontage<\/li>\n<li>3-Punkt-Rahmen f\u00fcr Traktor erh\u00e4ltlich<\/li>\n<\/ul>\n","protected":false},"excerpt":{"rendered":"<p>FB51 hat eine Kranl\u00e4nge von 5,1 m<\/p>\n","protected":false},"featured_media":208,"comment_status":"closed","ping_status":"closed","template":"","meta":{"_acf_changed":false,"inline_featured_image":false},"product_cat":[92],"product_tag":[],"acf":[],"_links":{"self":[{"href":"https:\/\/ftgkallefall.com\/de\/wp-json\/wp\/v2\/product\/1786"}],"collection":[{"href":"https:\/\/ftgkallefall.com\/de\/wp-json\/wp\/v2\/product"}],"about":[{"href":"https:\/\/ftgkallefall.com\/de\/wp-json\/wp\/v2\/types\/product"}],"replies":[{"embeddable":true,"href":"https:\/\/ftgkallefall.com\/de\/wp-json\/wp\/v2\/comments?post=1786"}],"wp:featuredmedia":[{"embeddable":true,"href":"https:\/\/ftgkallefall.com\/de\/wp-json\/wp\/v2\/media\/208"}],"wp:attachment":[{"href":"https:\/\/ftgkallefall.com\/de\/wp-json\/wp\/v2\/media?parent=1786"}],"wp:term":[{"taxonomy":"product_cat","embeddable":true,"href":"https:\/\/ftgkallefall.com\/de\/wp-json\/wp\/v2\/product_cat?post=1786"},{"taxonomy":"product_tag","embeddable":true,"href":"https:\/\/ftgkallefall.com\/de\/wp-json\/wp\/v2\/product_tag?post=1786"}],"curies":[{"name":"wp","href":"https:\/\/api.w.org\/{rel}","templated":true}]}}