{"id":1793,"date":"2024-01-30T10:57:36","date_gmt":"2024-01-30T08:57:36","guid":{"rendered":"https:\/\/ftgkallefall.com\/?post_type=product&#038;p=1793"},"modified":"2026-05-15T08:46:53","modified_gmt":"2026-05-15T06:46:53","slug":"ruckewagen-fb90d","status":"publish","type":"product","link":"https:\/\/ftgkallefall.com\/de\/produkt\/ruckewagen-fb90d\/","title":{"rendered":"R\u00dcCKEWAGEN FB90D"},"content":{"rendered":"<p>Der R\u00fcckewagen FB90D verf\u00fcgt \u00fcber einen Doppelrohrrahmen, gerade Deichsel mit Flansch-Zug\u00f6se \u00d8 40 mm, hydraulische Deichsellenkung mit einem Zylinder, stabilen Schutzgitter, teleskopische A-Abst\u00fctzung mit innenliegenden Zylindern und Sperrventile, Boogieachse, Rahmenverl\u00e4ngerung mit integriertes LED-R\u00fccklicht und Kennzeichenleuchten, insgesamt von 4 Rungenpaare mit 8 Rungen, Zur\u00f6sen f\u00fcr Spanngurt, Rungenhalterung f\u00fcr Meterholz-B\u00fcndel und Bereifung 400\/60-15.5 mit Rillenprofill und Ventilschutz.<\/p>\n<ul>\n<li>R\u00fcckewagen mit max. zul\u00e4ssiges Gesamtgewicht von 9 000 kg<\/li>\n<li>R\u00fcckewagen-Kombination mit Kr\u00e4nen einer Reichweite bis 8,4 m<\/li>\n<li>Maximale Ladel\u00e4nge 4,5 m<\/li>\n<\/ul>\n","protected":false},"excerpt":{"rendered":"<p>FB90D hat eine Nutzlast von 9 Tonnen und ein maximal zGG. von 11,5 Tonnen<\/p>\n","protected":false},"featured_media":2048,"comment_status":"closed","ping_status":"closed","template":"","meta":{"_acf_changed":false,"inline_featured_image":false},"product_cat":[84],"product_tag":[],"acf":[],"_links":{"self":[{"href":"https:\/\/ftgkallefall.com\/de\/wp-json\/wp\/v2\/product\/1793"}],"collection":[{"href":"https:\/\/ftgkallefall.com\/de\/wp-json\/wp\/v2\/product"}],"about":[{"href":"https:\/\/ftgkallefall.com\/de\/wp-json\/wp\/v2\/types\/product"}],"replies":[{"embeddable":true,"href":"https:\/\/ftgkallefall.com\/de\/wp-json\/wp\/v2\/comments?post=1793"}],"wp:featuredmedia":[{"embeddable":true,"href":"https:\/\/ftgkallefall.com\/de\/wp-json\/wp\/v2\/media\/2048"}],"wp:attachment":[{"href":"https:\/\/ftgkallefall.com\/de\/wp-json\/wp\/v2\/media?parent=1793"}],"wp:term":[{"taxonomy":"product_cat","embeddable":true,"href":"https:\/\/ftgkallefall.com\/de\/wp-json\/wp\/v2\/product_cat?post=1793"},{"taxonomy":"product_tag","embeddable":true,"href":"https:\/\/ftgkallefall.com\/de\/wp-json\/wp\/v2\/product_tag?post=1793"}],"curies":[{"name":"wp","href":"https:\/\/api.w.org\/{rel}","templated":true}]}}