{"id":1798,"date":"2024-01-30T11:50:19","date_gmt":"2024-01-30T09:50:19","guid":{"rendered":"https:\/\/ftgkallefall.com\/?post_type=product&#038;p=1798"},"modified":"2026-01-08T09:39:31","modified_gmt":"2026-01-08T07:39:31","slug":"forstkran-fb73t","status":"publish","type":"product","link":"https:\/\/ftgkallefall.com\/de\/produkt\/forstkran-fb73t\/","title":{"rendered":"FORSTKRAN FB73T"},"content":{"rendered":"<p>Der Forstkran FB73T hat eine Reichweite von 7,3 Metern. Er ist mit einem Weitwinkelgelenk und einem Teleskoparm mit einem innen positionierten Zylinder f\u00fcr noch h\u00f6here Funktionalit\u00e4t ausgestattet und hat ein Hubmoment von 70 kNm (Brutto).<\/p>\n<p>Der Kran FB73T ist standardm\u00e4\u00dfig mit einem 4-Tonnen-Rotator, Greifer FB190WF, Anschluss der Hydraulikschl\u00e4uche an die Krans\u00e4ule und an den Rotator ausgestattet. Das Rotatorgelenk wird standardm\u00e4\u00dfig mit Pendelbremse geliefert. Der Kran ist mit einem 4-Zylinder-Schwenkwerk ausgestattet und hat ein Schwenkmoment von 16 kNm.<\/p>\n<ul>\n<li>Hochleistungs-Schwenkwerk<\/li>\n<li>Hauptausleger bereit f\u00fcr Seilwindenmontage<\/li>\n<li>3-Punkt-Rahmen f\u00fcr Traktor verf\u00fcgbar<\/li>\n<\/ul>\n","protected":false},"excerpt":{"rendered":"<p>FB73T hat eine Kranl\u00e4nge von 7,3 m<\/p>\n","protected":false},"featured_media":394,"comment_status":"closed","ping_status":"closed","template":"","meta":{"_acf_changed":false,"inline_featured_image":false},"product_cat":[92],"product_tag":[],"acf":[],"_links":{"self":[{"href":"https:\/\/ftgkallefall.com\/de\/wp-json\/wp\/v2\/product\/1798"}],"collection":[{"href":"https:\/\/ftgkallefall.com\/de\/wp-json\/wp\/v2\/product"}],"about":[{"href":"https:\/\/ftgkallefall.com\/de\/wp-json\/wp\/v2\/types\/product"}],"replies":[{"embeddable":true,"href":"https:\/\/ftgkallefall.com\/de\/wp-json\/wp\/v2\/comments?post=1798"}],"wp:featuredmedia":[{"embeddable":true,"href":"https:\/\/ftgkallefall.com\/de\/wp-json\/wp\/v2\/media\/394"}],"wp:attachment":[{"href":"https:\/\/ftgkallefall.com\/de\/wp-json\/wp\/v2\/media?parent=1798"}],"wp:term":[{"taxonomy":"product_cat","embeddable":true,"href":"https:\/\/ftgkallefall.com\/de\/wp-json\/wp\/v2\/product_cat?post=1798"},{"taxonomy":"product_tag","embeddable":true,"href":"https:\/\/ftgkallefall.com\/de\/wp-json\/wp\/v2\/product_tag?post=1798"}],"curies":[{"name":"wp","href":"https:\/\/api.w.org\/{rel}","templated":true}]}}