{"id":1800,"date":"2024-01-30T12:01:08","date_gmt":"2024-01-30T10:01:08","guid":{"rendered":"https:\/\/ftgkallefall.com\/?post_type=product&#038;p=1800"},"modified":"2026-01-08T10:07:19","modified_gmt":"2026-01-08T08:07:19","slug":"forstkran-m65t","status":"publish","type":"product","link":"https:\/\/ftgkallefall.com\/de\/produkt\/forstkran-m65t\/","title":{"rendered":"FORSTKRAN M65T"},"content":{"rendered":"<p>Der Forstkran M65T hat eine Kranl\u00e4nge von 6,5 m und eine Hubkapazit\u00e4t von 280 kg bei maximaler Reichweite. Der Forstkran M65T ist mit einem Schwenkmotor mit 4 Schwenkzylindern ausgestattet und verf\u00fcgt \u00fcber ein Weitwinkelgelenk, Teleskopausleger, 3 Tonnen endlos Rotator, Hydraulikschlauchverbindung an die Krans\u00e4ule und zum Rotator, Rotatorgelenk ohne Pendelbremse, \u00a0Greifer FB160 und Drehhebelsteuerung. Der Forstkran hat ein Hubmoment von 25 kNm (Brutto) und ein Schwenkmoment von 8,5 kNm.<\/p>\n<p>Der obenliegender Hubzylinder bietet die beste Hubkapazit\u00e4t in einem normalen Arbeitsbereich bei etwa 4 Metern vom Schwenkwerk. Der Hauptausleger ist gebogen, um ein besseres Hubmoment in der \u201erichtigen\u201c Reichweite von 4 m zu erzielen.<\/p>\n","protected":false},"excerpt":{"rendered":"<p>M65T hat eine Kranl\u00e4nge von 6,5 m<\/p>\n","protected":false},"featured_media":1197,"comment_status":"closed","ping_status":"closed","template":"","meta":{"_acf_changed":false,"inline_featured_image":false},"product_cat":[92],"product_tag":[],"acf":[],"_links":{"self":[{"href":"https:\/\/ftgkallefall.com\/de\/wp-json\/wp\/v2\/product\/1800"}],"collection":[{"href":"https:\/\/ftgkallefall.com\/de\/wp-json\/wp\/v2\/product"}],"about":[{"href":"https:\/\/ftgkallefall.com\/de\/wp-json\/wp\/v2\/types\/product"}],"replies":[{"embeddable":true,"href":"https:\/\/ftgkallefall.com\/de\/wp-json\/wp\/v2\/comments?post=1800"}],"wp:featuredmedia":[{"embeddable":true,"href":"https:\/\/ftgkallefall.com\/de\/wp-json\/wp\/v2\/media\/1197"}],"wp:attachment":[{"href":"https:\/\/ftgkallefall.com\/de\/wp-json\/wp\/v2\/media?parent=1800"}],"wp:term":[{"taxonomy":"product_cat","embeddable":true,"href":"https:\/\/ftgkallefall.com\/de\/wp-json\/wp\/v2\/product_cat?post=1800"},{"taxonomy":"product_tag","embeddable":true,"href":"https:\/\/ftgkallefall.com\/de\/wp-json\/wp\/v2\/product_tag?post=1800"}],"curies":[{"name":"wp","href":"https:\/\/api.w.org\/{rel}","templated":true}]}}