{"id":1805,"date":"2024-01-30T11:30:34","date_gmt":"2024-01-30T09:30:34","guid":{"rendered":"https:\/\/ftgkallefall.com\/?post_type=product&#038;p=1805"},"modified":"2026-01-08T09:30:31","modified_gmt":"2026-01-08T07:30:31","slug":"forstkran-fb51l","status":"publish","type":"product","link":"https:\/\/ftgkallefall.com\/de\/produkt\/forstkran-fb51l\/","title":{"rendered":"FORSTKRAN FB51L"},"content":{"rendered":"<p>Der Forstkran FB51L hat eine Reichweite von 5,1 Metern. Er ist mit einem Weitwinkelgelenk f\u00fcr ein verbessertes Bewegungsmuster ausgestattet und hat ein Hubmoment von 39 kNm (Brutto). Der Kran FB51L ist standardm\u00e4\u00dfig mit einem 3-Tonnen-Rotator und Greifer FB160 ausgestattet und ist der ideale Forstkran f\u00fcr kleine Traktoren und Anh\u00e4nger.<\/p>\n<p>Das Rotatorgelenk wird standardm\u00e4\u00dfig mit Pendelbremse geliefert. Der Kran ist mit einem 4-Zylinder-Schwenkwerk ausgestattet und hat ein Schwenkmoment von 11 kNm. Alle unsere Kr\u00e4ne werden mit einem Anschluss der Hydraulikschl\u00e4uche an den Rotator geliefert.<\/p>\n<ul>\n<li>Saubere Konstruktion \u2013 Schl\u00e4uche gut gesch\u00fctzt im Ausleger<\/li>\n<li>Hauptausleger bereit f\u00fcr Seilwindenmontage<\/li>\n<li>3-Punkt-Rahmen f\u00fcr Traktor verf\u00fcgbar<\/li>\n<\/ul>\n","protected":false},"excerpt":{"rendered":"<p>FB51L hat eine Kranl\u00e4nge von 5,1 m<\/p>\n","protected":false},"featured_media":1122,"comment_status":"closed","ping_status":"closed","template":"","meta":{"_acf_changed":false,"inline_featured_image":false},"product_cat":[92],"product_tag":[],"acf":[],"_links":{"self":[{"href":"https:\/\/ftgkallefall.com\/de\/wp-json\/wp\/v2\/product\/1805"}],"collection":[{"href":"https:\/\/ftgkallefall.com\/de\/wp-json\/wp\/v2\/product"}],"about":[{"href":"https:\/\/ftgkallefall.com\/de\/wp-json\/wp\/v2\/types\/product"}],"replies":[{"embeddable":true,"href":"https:\/\/ftgkallefall.com\/de\/wp-json\/wp\/v2\/comments?post=1805"}],"wp:featuredmedia":[{"embeddable":true,"href":"https:\/\/ftgkallefall.com\/de\/wp-json\/wp\/v2\/media\/1122"}],"wp:attachment":[{"href":"https:\/\/ftgkallefall.com\/de\/wp-json\/wp\/v2\/media?parent=1805"}],"wp:term":[{"taxonomy":"product_cat","embeddable":true,"href":"https:\/\/ftgkallefall.com\/de\/wp-json\/wp\/v2\/product_cat?post=1805"},{"taxonomy":"product_tag","embeddable":true,"href":"https:\/\/ftgkallefall.com\/de\/wp-json\/wp\/v2\/product_tag?post=1805"}],"curies":[{"name":"wp","href":"https:\/\/api.w.org\/{rel}","templated":true}]}}