{"id":1810,"date":"2023-12-20T13:37:39","date_gmt":"2023-12-20T11:37:39","guid":{"rendered":"https:\/\/ftgkallefall.com\/?post_type=product&#038;p=1810"},"modified":"2024-06-15T10:16:05","modified_gmt":"2024-06-15T10:16:05","slug":"greiferschaufel-fb120v","status":"publish","type":"product","link":"https:\/\/ftgkallefall.com\/de\/produkt\/greiferschaufel-fb120v\/","title":{"rendered":"GREIFERSCHAUFEL FB120V"},"content":{"rendered":"<p>Der Greifer FB120V ist ein Zweischalengreifer und zum Laden verschiedener Arten von sperrigem Material konzipiert. Der Greifer wird aus Domex 650-Stahl und hochwertigen Komponenten hergestellt, was eine hohe Zuverl\u00e4ssigkeit und einfache Bedienung gew\u00e4hrleistet. Anschraubbare Grabz\u00e4hne k\u00f6nnen bei Bedarf einfach ausgetauscht werden.<\/p>\n<p>Der FB120V ist ein kompakter Greiferschaufel f\u00fcr verschiedene Sch\u00fcttg\u00fcter und f\u00fcr lange Betriebszeiten konzipiert. Die maximale Greif\u00f6ffnungsbreite betr\u00e4gt 1370 mm bei einem Volumen von 120 l. Der Greifer ist mit einem Flansch\/Adapter ausgestattet, bei dem das Kupplungsloch von \u00d849 mm bis \u00d859 mm ausgew\u00e4hlt werden kann. Alle Bolzen, Achsstifte und Zylinderschl\u00e4uche sind sicher gesch\u00fctzt.<\/p>\n","protected":false},"excerpt":{"rendered":"<p>Volumen 120 L<\/p>\n","protected":false},"featured_media":7026,"comment_status":"closed","ping_status":"closed","template":"","meta":{"_acf_changed":false,"inline_featured_image":false},"product_cat":[85,86],"product_tag":[],"acf":[],"_links":{"self":[{"href":"https:\/\/ftgkallefall.com\/de\/wp-json\/wp\/v2\/product\/1810"}],"collection":[{"href":"https:\/\/ftgkallefall.com\/de\/wp-json\/wp\/v2\/product"}],"about":[{"href":"https:\/\/ftgkallefall.com\/de\/wp-json\/wp\/v2\/types\/product"}],"replies":[{"embeddable":true,"href":"https:\/\/ftgkallefall.com\/de\/wp-json\/wp\/v2\/comments?post=1810"}],"wp:featuredmedia":[{"embeddable":true,"href":"https:\/\/ftgkallefall.com\/de\/wp-json\/wp\/v2\/media\/7026"}],"wp:attachment":[{"href":"https:\/\/ftgkallefall.com\/de\/wp-json\/wp\/v2\/media?parent=1810"}],"wp:term":[{"taxonomy":"product_cat","embeddable":true,"href":"https:\/\/ftgkallefall.com\/de\/wp-json\/wp\/v2\/product_cat?post=1810"},{"taxonomy":"product_tag","embeddable":true,"href":"https:\/\/ftgkallefall.com\/de\/wp-json\/wp\/v2\/product_tag?post=1810"}],"curies":[{"name":"wp","href":"https:\/\/api.w.org\/{rel}","templated":true}]}}