{"id":1812,"date":"2024-01-30T12:03:11","date_gmt":"2024-01-30T10:03:11","guid":{"rendered":"https:\/\/ftgkallefall.com\/?post_type=product&#038;p=1812"},"modified":"2026-01-08T10:12:49","modified_gmt":"2026-01-08T08:12:49","slug":"forstkran-m69t","status":"publish","type":"product","link":"https:\/\/ftgkallefall.com\/de\/produkt\/forstkran-m69t\/","title":{"rendered":"FORSTKRAN M69T"},"content":{"rendered":"<p>Der FTG K\u00e4llefall Forstkran M69T hat eine Kranl\u00e4nge von 6,9 m und eine Hubkapazit\u00e4t von 450 kg bei maximaler Reichweite. Der Kran hat ein Hubmoment von 43 kNm (Brutto) und ein Schwenkmoment von 11 kNm.<\/p>\n<p>Der Forstkran M69T ist mit einem Schwenkmotor mit 4 Schwenkzylindern ausgestattet und verf\u00fcgt \u00fcber ein Weitwinkelgelenk, Teleskopausleger, 3 Tonnen endlos Rotator, Hydraulikschlauchverbindung an die Krans\u00e4ule und zum Rotator, Rotatorgelenk mit Pendelbremse, Greifer FB160 und Drehhebelsteuerung.<\/p>\n<p>Der obenliegende Hubzylinder bietet die beste Hubkapazit\u00e4t in einem normalen Arbeitsbereich bei etwa 4 Metern von der Schwenkwerk. Der Hauptausleger ist gebogen, um ein besseres Hubmoment in der \u201erichtigen\u201c Reichweite von 4 m zu erzielen.<\/p>\n","protected":false},"excerpt":{"rendered":"<p>M69T hat eine Kranl\u00e4nge von 6,9 m<\/p>\n","protected":false},"featured_media":1200,"comment_status":"closed","ping_status":"closed","template":"","meta":{"_acf_changed":false,"inline_featured_image":false},"product_cat":[92],"product_tag":[],"acf":[],"_links":{"self":[{"href":"https:\/\/ftgkallefall.com\/de\/wp-json\/wp\/v2\/product\/1812"}],"collection":[{"href":"https:\/\/ftgkallefall.com\/de\/wp-json\/wp\/v2\/product"}],"about":[{"href":"https:\/\/ftgkallefall.com\/de\/wp-json\/wp\/v2\/types\/product"}],"replies":[{"embeddable":true,"href":"https:\/\/ftgkallefall.com\/de\/wp-json\/wp\/v2\/comments?post=1812"}],"wp:featuredmedia":[{"embeddable":true,"href":"https:\/\/ftgkallefall.com\/de\/wp-json\/wp\/v2\/media\/1200"}],"wp:attachment":[{"href":"https:\/\/ftgkallefall.com\/de\/wp-json\/wp\/v2\/media?parent=1812"}],"wp:term":[{"taxonomy":"product_cat","embeddable":true,"href":"https:\/\/ftgkallefall.com\/de\/wp-json\/wp\/v2\/product_cat?post=1812"},{"taxonomy":"product_tag","embeddable":true,"href":"https:\/\/ftgkallefall.com\/de\/wp-json\/wp\/v2\/product_tag?post=1812"}],"curies":[{"name":"wp","href":"https:\/\/api.w.org\/{rel}","templated":true}]}}