{"id":1818,"date":"2024-01-30T11:33:36","date_gmt":"2024-01-30T09:33:36","guid":{"rendered":"https:\/\/ftgkallefall.com\/?post_type=product&#038;p=1818"},"modified":"2026-01-08T09:32:02","modified_gmt":"2026-01-08T07:32:02","slug":"forstkran-fb53t","status":"publish","type":"product","link":"https:\/\/ftgkallefall.com\/de\/produkt\/forstkran-fb53t\/","title":{"rendered":"FORSTKRAN FB53T"},"content":{"rendered":"<p>Der Forstkran FB53T hat eine Reichweite von 5,3 Metern. Er ist mit einem Weitwinkelgelenk und einem Teleskoparm mit einem innen positionierten Zylinder f\u00fcr noch h\u00f6here Funktionalit\u00e4t ausgestattet und hat ein Hubmoment von 32 kNm (Brutto).<\/p>\n<p>Der Kran FB53T ist standardm\u00e4\u00dfig mit einem 3-Tonnen-Rotator und Greifer FB160 ausgestattet und ist der ideale Forstkran f\u00fcr kleine Traktoren und Anh\u00e4nger. Das Rotatorgelenk wird standardm\u00e4\u00dfig mit Pendelbremse geliefert. Der Kran ist mit einem 4-Zylinder-Schwenkwerk ausgestattet und hat ein Schwenkmoment von 8,5 kNm. Alle unsere Kr\u00e4ne werden mit einem Anschluss der Hydraulikschl\u00e4uche an den Rotator geliefert.<\/p>\n<ul>\n<li>Saubere Konstruktion \u2013 Schl\u00e4uche gut gesch\u00fctzt im Ausleger<\/li>\n<li>Hauptausleger bereit f\u00fcr Seilwindenmontage<\/li>\n<li>3-Punkt-Rahmen f\u00fcr Traktor verf\u00fcgbar<\/li>\n<\/ul>\n","protected":false},"excerpt":{"rendered":"<p>FB53T hat eine Kranl\u00e4nge von 5,3 m<\/p>\n","protected":false},"featured_media":1164,"comment_status":"closed","ping_status":"closed","template":"","meta":{"_acf_changed":false,"inline_featured_image":false},"product_cat":[92],"product_tag":[],"acf":[],"_links":{"self":[{"href":"https:\/\/ftgkallefall.com\/de\/wp-json\/wp\/v2\/product\/1818"}],"collection":[{"href":"https:\/\/ftgkallefall.com\/de\/wp-json\/wp\/v2\/product"}],"about":[{"href":"https:\/\/ftgkallefall.com\/de\/wp-json\/wp\/v2\/types\/product"}],"replies":[{"embeddable":true,"href":"https:\/\/ftgkallefall.com\/de\/wp-json\/wp\/v2\/comments?post=1818"}],"wp:featuredmedia":[{"embeddable":true,"href":"https:\/\/ftgkallefall.com\/de\/wp-json\/wp\/v2\/media\/1164"}],"wp:attachment":[{"href":"https:\/\/ftgkallefall.com\/de\/wp-json\/wp\/v2\/media?parent=1818"}],"wp:term":[{"taxonomy":"product_cat","embeddable":true,"href":"https:\/\/ftgkallefall.com\/de\/wp-json\/wp\/v2\/product_cat?post=1818"},{"taxonomy":"product_tag","embeddable":true,"href":"https:\/\/ftgkallefall.com\/de\/wp-json\/wp\/v2\/product_tag?post=1818"}],"curies":[{"name":"wp","href":"https:\/\/api.w.org\/{rel}","templated":true}]}}