{"id":1823,"date":"2024-01-30T12:04:40","date_gmt":"2024-01-30T10:04:40","guid":{"rendered":"https:\/\/ftgkallefall.com\/?post_type=product&#038;p=1823"},"modified":"2026-01-08T10:14:56","modified_gmt":"2026-01-08T08:14:56","slug":"forstkran-m75t","status":"publish","type":"product","link":"https:\/\/ftgkallefall.com\/de\/produkt\/forstkran-m75t\/","title":{"rendered":"FORSTKRAN M75T"},"content":{"rendered":"<p>Der Forstkran M75T hat eine Kranl\u00e4nge von 7,5 m und eine Hubkapazit\u00e4t von 500 kg bei maximaler Reichweite. Der Kran hat ein Hubmoment von 55 kNm (Brutto) und ein Schwenkmoment von 16 kNm.<\/p>\n<p>Der Forstkran M75T ist mit einem Schwenkmotor mit 4 Schwenkzylindern ausgestattet und verf\u00fcgt \u00fcber ein Weitwinkelgelenk, Teleskopausleger, 4 Tonnen endlos Rotator, Hydraulikschlauchverbindung an die Krans\u00e4ule und zum Rotator, Rotatorgelenk mit Pendelbremse, Greifer FB190WF und Drehhebelsteuerung.<\/p>\n<p>Der obenliegende Hubzylinder bietet die beste Hubkapazit\u00e4t in einem normalen Arbeitsbereich bei etwa 4 Metern von der Schwenkwerk. Der Hauptausleger ist gebogen, um ein besseres Hubmoment in der \u201erichtigen\u201c Reichweite von 4 m zu erzielen.<\/p>\n","protected":false},"excerpt":{"rendered":"<p>M75T hat eine Kranl\u00e4nge von 7,5 m<\/p>\n","protected":false},"featured_media":1203,"comment_status":"closed","ping_status":"closed","template":"","meta":{"_acf_changed":false,"inline_featured_image":false},"product_cat":[92],"product_tag":[],"acf":[],"_links":{"self":[{"href":"https:\/\/ftgkallefall.com\/de\/wp-json\/wp\/v2\/product\/1823"}],"collection":[{"href":"https:\/\/ftgkallefall.com\/de\/wp-json\/wp\/v2\/product"}],"about":[{"href":"https:\/\/ftgkallefall.com\/de\/wp-json\/wp\/v2\/types\/product"}],"replies":[{"embeddable":true,"href":"https:\/\/ftgkallefall.com\/de\/wp-json\/wp\/v2\/comments?post=1823"}],"wp:featuredmedia":[{"embeddable":true,"href":"https:\/\/ftgkallefall.com\/de\/wp-json\/wp\/v2\/media\/1203"}],"wp:attachment":[{"href":"https:\/\/ftgkallefall.com\/de\/wp-json\/wp\/v2\/media?parent=1823"}],"wp:term":[{"taxonomy":"product_cat","embeddable":true,"href":"https:\/\/ftgkallefall.com\/de\/wp-json\/wp\/v2\/product_cat?post=1823"},{"taxonomy":"product_tag","embeddable":true,"href":"https:\/\/ftgkallefall.com\/de\/wp-json\/wp\/v2\/product_tag?post=1823"}],"curies":[{"name":"wp","href":"https:\/\/api.w.org\/{rel}","templated":true}]}}