{"id":1832,"date":"2024-01-30T12:22:04","date_gmt":"2024-01-30T10:22:04","guid":{"rendered":"https:\/\/ftgkallefall.com\/?post_type=product&#038;p=1832"},"modified":"2026-01-08T10:21:04","modified_gmt":"2026-01-08T08:21:04","slug":"forstkran-p75t","status":"publish","type":"product","link":"https:\/\/ftgkallefall.com\/de\/produkt\/forstkran-p75t\/","title":{"rendered":"FORSTKRAN P75T"},"content":{"rendered":"<p>Der K\u00e4llefall Forstkran P75T hat eine Kranl\u00e4nge von 7,5 m und eine Hubkapazit\u00e4t von 390 kg bei maximaler Reichweite. Er ist mit einem Weitwinkelgelenk und einem Teleskoparm mit einem innen positionierten Zylinder f\u00fcr noch h\u00f6here Funktionalit\u00e4t ausgestattet<\/p>\n<p>Der Kran P75T ist standardm\u00e4\u00dfig mit einem 3-Tonnen-Endlosrotator, einem Holzgreifer FB190WF, einem Rotatorgelenk mit Pendelbremse, einer Drehhebelsteuerung und einem 4-Zylinder-Schwenkwerk ausgestattet. Der Forstkran hat ein Hubmoment von 43 kNm (Brutto) und ein Schwenkmoment von 11 kNm.<\/p>\n<ul>\n<li>Einzigartige parallele Bewegung<\/li>\n<li>Das gleiche Hubmoment \u00fcber den gesamten Ladebereich<\/li>\n<li>L\u00e4uft mit 60-65 % geringerem \u00d6lfluss<\/li>\n<\/ul>\n","protected":false},"excerpt":{"rendered":"<p>P75T hat eine Kranl\u00e4nge von 7,5 m<\/p>\n","protected":false},"featured_media":1242,"comment_status":"closed","ping_status":"closed","template":"","meta":{"_acf_changed":false,"inline_featured_image":false},"product_cat":[92],"product_tag":[],"acf":[],"_links":{"self":[{"href":"https:\/\/ftgkallefall.com\/de\/wp-json\/wp\/v2\/product\/1832"}],"collection":[{"href":"https:\/\/ftgkallefall.com\/de\/wp-json\/wp\/v2\/product"}],"about":[{"href":"https:\/\/ftgkallefall.com\/de\/wp-json\/wp\/v2\/types\/product"}],"replies":[{"embeddable":true,"href":"https:\/\/ftgkallefall.com\/de\/wp-json\/wp\/v2\/comments?post=1832"}],"wp:featuredmedia":[{"embeddable":true,"href":"https:\/\/ftgkallefall.com\/de\/wp-json\/wp\/v2\/media\/1242"}],"wp:attachment":[{"href":"https:\/\/ftgkallefall.com\/de\/wp-json\/wp\/v2\/media?parent=1832"}],"wp:term":[{"taxonomy":"product_cat","embeddable":true,"href":"https:\/\/ftgkallefall.com\/de\/wp-json\/wp\/v2\/product_cat?post=1832"},{"taxonomy":"product_tag","embeddable":true,"href":"https:\/\/ftgkallefall.com\/de\/wp-json\/wp\/v2\/product_tag?post=1832"}],"curies":[{"name":"wp","href":"https:\/\/api.w.org\/{rel}","templated":true}]}}