{"id":1839,"date":"2024-01-30T10:54:56","date_gmt":"2024-01-30T08:54:56","guid":{"rendered":"https:\/\/ftgkallefall.com\/?post_type=product&#038;p=1839"},"modified":"2025-07-09T12:58:52","modified_gmt":"2025-07-09T10:58:52","slug":"ruckewagen-fb100","status":"publish","type":"product","link":"https:\/\/ftgkallefall.com\/de\/produkt\/ruckewagen-fb100\/","title":{"rendered":"R\u00dcCKEWAGEN FB100"},"content":{"rendered":"<p>Der R\u00fcckewagen FB100 verf\u00fcgt \u00fcber einen Zentralrohrrahmen, gerade Deichsel mit Flansch-Zug\u00f6se \u00d8 40 mm, hydraulische Deichsellenkung mit 2 Zylindern, stabilen Schutzgitter, teleskopische A-Abst\u00fctzungen mit innenliegenden Zylindern, Werkzeugk\u00e4sten, Stehpodest mit Leiter, Boogieachse, Hydraulikbremse auf 2 R\u00e4der, teleskopische Rahmenverl\u00e4ngerung mit integriertes LED-R\u00fccklicht und Kennzeichenleuchten, 4 Rungenpaare mit 8 Rungen, Zur\u00f6sen f\u00fcr Spanngurt und Bereifung 400\/60-15.5 mit Stollenprofill und Ventilschutz.<\/p>\n<ul>\n<li>R\u00fcckewagen-Kombination mit Kr\u00e4nen einer Reichweite bis 7,5 m<\/li>\n<li>Ladel\u00e4nge mit Rahmenverl\u00e4ngerung bis 4,6 m<\/li>\n<\/ul>\n","protected":false},"excerpt":{"rendered":"<p>Nutzlast von 10 Tonnen, zGG. bis zu 13 Tonnen<\/p>\n","protected":false},"featured_media":1317,"comment_status":"closed","ping_status":"closed","template":"","meta":{"_acf_changed":false,"inline_featured_image":false},"product_cat":[84],"product_tag":[],"acf":[],"_links":{"self":[{"href":"https:\/\/ftgkallefall.com\/de\/wp-json\/wp\/v2\/product\/1839"}],"collection":[{"href":"https:\/\/ftgkallefall.com\/de\/wp-json\/wp\/v2\/product"}],"about":[{"href":"https:\/\/ftgkallefall.com\/de\/wp-json\/wp\/v2\/types\/product"}],"replies":[{"embeddable":true,"href":"https:\/\/ftgkallefall.com\/de\/wp-json\/wp\/v2\/comments?post=1839"}],"wp:featuredmedia":[{"embeddable":true,"href":"https:\/\/ftgkallefall.com\/de\/wp-json\/wp\/v2\/media\/1317"}],"wp:attachment":[{"href":"https:\/\/ftgkallefall.com\/de\/wp-json\/wp\/v2\/media?parent=1839"}],"wp:term":[{"taxonomy":"product_cat","embeddable":true,"href":"https:\/\/ftgkallefall.com\/de\/wp-json\/wp\/v2\/product_cat?post=1839"},{"taxonomy":"product_tag","embeddable":true,"href":"https:\/\/ftgkallefall.com\/de\/wp-json\/wp\/v2\/product_tag?post=1839"}],"curies":[{"name":"wp","href":"https:\/\/api.w.org\/{rel}","templated":true}]}}