{"id":1844,"date":"2024-01-30T12:06:27","date_gmt":"2024-01-30T10:06:27","guid":{"rendered":"https:\/\/ftgkallefall.com\/?post_type=product&#038;p=1844"},"modified":"2025-08-14T08:14:15","modified_gmt":"2025-08-14T06:14:15","slug":"forstkran-mv78t","status":"publish","type":"product","link":"https:\/\/ftgkallefall.com\/de\/produkt\/forstkran-mv78t\/","title":{"rendered":"FORSTKRAN MV78T"},"content":{"rendered":"<p>Der Forstkran Mv78T hat eine Kranl\u00e4nge von 7,8 m und eine Hubkapazit\u00e4t von 675 kg bei maximaler Reichweite. Der Kran hat ein Hubmoment von 81 kNm (Brutto) und ein Schwenkmoment von 21 kNm.<\/p>\n<p>Der Forstkran Mv78T ist mit einem Schwenkmotor mit 4 Schwenkzylindern ausgestattet und verf\u00fcgt \u00fcber ein Weitwinkelgelenk, Teleskopausleger, 6 Tonnen endlos Rotator, Hydraulikschlauchverbindung an die Krans\u00e4ule und zum Rotator, Rotatorgelenk mit Pendelbremse, Greifer FB260 und Drehhebelsteuerung.<\/p>\n<p>Der Mv78T hat eine Reihe verbesserter Merkmale: gr\u00f6\u00dfere Reichweite, h\u00f6heres Hubmoment, gr\u00f6\u00dferes Schwenkmoment und besseres Bewegungsmuster. Der Kran verf\u00fcgt \u00fcber einen neu entwickelten Teleskopausleger mit gesch\u00fctzter Schlauchf\u00fchrung.<\/p>\n","protected":false},"excerpt":{"rendered":"<p>MV78T hat eine Kranl\u00e4nge von 7,8 m<\/p>\n","protected":false},"featured_media":1206,"comment_status":"closed","ping_status":"closed","template":"","meta":{"_acf_changed":false,"inline_featured_image":false},"product_cat":[92],"product_tag":[],"acf":[],"_links":{"self":[{"href":"https:\/\/ftgkallefall.com\/de\/wp-json\/wp\/v2\/product\/1844"}],"collection":[{"href":"https:\/\/ftgkallefall.com\/de\/wp-json\/wp\/v2\/product"}],"about":[{"href":"https:\/\/ftgkallefall.com\/de\/wp-json\/wp\/v2\/types\/product"}],"replies":[{"embeddable":true,"href":"https:\/\/ftgkallefall.com\/de\/wp-json\/wp\/v2\/comments?post=1844"}],"wp:featuredmedia":[{"embeddable":true,"href":"https:\/\/ftgkallefall.com\/de\/wp-json\/wp\/v2\/media\/1206"}],"wp:attachment":[{"href":"https:\/\/ftgkallefall.com\/de\/wp-json\/wp\/v2\/media?parent=1844"}],"wp:term":[{"taxonomy":"product_cat","embeddable":true,"href":"https:\/\/ftgkallefall.com\/de\/wp-json\/wp\/v2\/product_cat?post=1844"},{"taxonomy":"product_tag","embeddable":true,"href":"https:\/\/ftgkallefall.com\/de\/wp-json\/wp\/v2\/product_tag?post=1844"}],"curies":[{"name":"wp","href":"https:\/\/api.w.org\/{rel}","templated":true}]}}