{"id":1850,"date":"2024-01-30T12:16:04","date_gmt":"2024-01-30T10:16:04","guid":{"rendered":"https:\/\/ftgkallefall.com\/?post_type=product&#038;p=1850"},"modified":"2026-01-08T10:18:55","modified_gmt":"2026-01-08T08:18:55","slug":"forstkran-p67t","status":"publish","type":"product","link":"https:\/\/ftgkallefall.com\/de\/produkt\/forstkran-p67t\/","title":{"rendered":"FORSTKRAN P67T"},"content":{"rendered":"<p>Der K\u00e4llefall Forstkran P67T hat eine Kranl\u00e4nge von 6,7 m und eine Hubkapazit\u00e4t von 400 kg bei maximaler Reichweite. Er ist mit einem Weitwinkelgelenk und einem Teleskoparm mit einem innen positionierten Zylinder f\u00fcr noch h\u00f6here Funktionalit\u00e4t ausgestattet<\/p>\n<p>Der Kran P67T ist standardm\u00e4\u00dfig mit einem 3-Tonnen-Endlosrotator, einem Holzgreifer FB160, einem Rotatorgelenk mit Pendelbremse, einer Drehhebelsteuerung und einem 4-Zylinder-Schwenkwerk ausgestattet. Der Forstkran hat ein Hubmoment von 34 kNm (Brutto) und ein Schwenkmoment von 8,5 kNm.<\/p>\n<ul>\n<li>Einzigartige parallele Bewegung<\/li>\n<li>Das gleiche Hubmoment \u00fcber den gesamten Ladebereich<\/li>\n<li>L\u00e4uft mit 60-65 % geringerem \u00d6lfluss<\/li>\n<\/ul>\n","protected":false},"excerpt":{"rendered":"<p>P67T hat eine Kranl\u00e4nge von 6,7 m<\/p>\n","protected":false},"featured_media":1227,"comment_status":"closed","ping_status":"closed","template":"","meta":{"_acf_changed":false,"inline_featured_image":false},"product_cat":[92],"product_tag":[],"acf":[],"_links":{"self":[{"href":"https:\/\/ftgkallefall.com\/de\/wp-json\/wp\/v2\/product\/1850"}],"collection":[{"href":"https:\/\/ftgkallefall.com\/de\/wp-json\/wp\/v2\/product"}],"about":[{"href":"https:\/\/ftgkallefall.com\/de\/wp-json\/wp\/v2\/types\/product"}],"replies":[{"embeddable":true,"href":"https:\/\/ftgkallefall.com\/de\/wp-json\/wp\/v2\/comments?post=1850"}],"wp:featuredmedia":[{"embeddable":true,"href":"https:\/\/ftgkallefall.com\/de\/wp-json\/wp\/v2\/media\/1227"}],"wp:attachment":[{"href":"https:\/\/ftgkallefall.com\/de\/wp-json\/wp\/v2\/media?parent=1850"}],"wp:term":[{"taxonomy":"product_cat","embeddable":true,"href":"https:\/\/ftgkallefall.com\/de\/wp-json\/wp\/v2\/product_cat?post=1850"},{"taxonomy":"product_tag","embeddable":true,"href":"https:\/\/ftgkallefall.com\/de\/wp-json\/wp\/v2\/product_tag?post=1850"}],"curies":[{"name":"wp","href":"https:\/\/api.w.org\/{rel}","templated":true}]}}