{"id":1893,"date":"2023-12-20T13:02:37","date_gmt":"2023-12-20T11:02:37","guid":{"rendered":"https:\/\/ftgkallefall.com\/?post_type=product&#038;p=1893"},"modified":"2024-06-15T09:11:15","modified_gmt":"2024-06-15T09:11:15","slug":"greifer-fb190","status":"publish","type":"product","link":"https:\/\/ftgkallefall.com\/de\/produkt\/greifer-fb190\/","title":{"rendered":"GREIFER FB190"},"content":{"rendered":"<p>Der Greifer FB190 ist ein robustes und leistungsstarkes Werkzeug f\u00fcr St\u00e4mme &#8211; insbesondere f\u00fcr schwere Eins\u00e4tze. Die robuste Konstruktion aus Domex 650-Stahl, hochwertige Komponenten und eine bew\u00e4hrte Konstruktionsl\u00f6sung tragen zu einer langen Lebensdauer des Greifers bei.<\/p>\n<p>Die maximale \u00d6ffnungsweite des Greifers betr\u00e4gt 1200 mm bei einer Greiffl\u00e4che von 0,19 m2. Dieses Modell ist mit einem \u00d849 mm Kupplungsloch ausgestattet. Alle Bolzen, Achsstifte und Zylinderschl\u00e4uche sind sicher gesch\u00fctzt.<\/p>\n","protected":false},"excerpt":{"rendered":"<p>Greiffl\u00e4che 0.19 m\u00b2, \u00d6ffnungsweite 1200 mm<\/p>\n","protected":false},"featured_media":7140,"comment_status":"closed","ping_status":"closed","template":"","meta":{"_acf_changed":false,"inline_featured_image":false},"product_cat":[85,86],"product_tag":[],"acf":[],"_links":{"self":[{"href":"https:\/\/ftgkallefall.com\/de\/wp-json\/wp\/v2\/product\/1893"}],"collection":[{"href":"https:\/\/ftgkallefall.com\/de\/wp-json\/wp\/v2\/product"}],"about":[{"href":"https:\/\/ftgkallefall.com\/de\/wp-json\/wp\/v2\/types\/product"}],"replies":[{"embeddable":true,"href":"https:\/\/ftgkallefall.com\/de\/wp-json\/wp\/v2\/comments?post=1893"}],"wp:featuredmedia":[{"embeddable":true,"href":"https:\/\/ftgkallefall.com\/de\/wp-json\/wp\/v2\/media\/7140"}],"wp:attachment":[{"href":"https:\/\/ftgkallefall.com\/de\/wp-json\/wp\/v2\/media?parent=1893"}],"wp:term":[{"taxonomy":"product_cat","embeddable":true,"href":"https:\/\/ftgkallefall.com\/de\/wp-json\/wp\/v2\/product_cat?post=1893"},{"taxonomy":"product_tag","embeddable":true,"href":"https:\/\/ftgkallefall.com\/de\/wp-json\/wp\/v2\/product_tag?post=1893"}],"curies":[{"name":"wp","href":"https:\/\/api.w.org\/{rel}","templated":true}]}}