{"id":1894,"date":"2024-01-30T11:47:11","date_gmt":"2024-01-30T09:47:11","guid":{"rendered":"https:\/\/ftgkallefall.com\/?post_type=product&#038;p=1894"},"modified":"2026-01-08T09:37:17","modified_gmt":"2026-01-08T07:37:17","slug":"forstkran-fb69t","status":"publish","type":"product","link":"https:\/\/ftgkallefall.com\/de\/produkt\/forstkran-fb69t\/","title":{"rendered":"FORSTKRAN FB69T"},"content":{"rendered":"<p>Der Forstkran FB69T hat eine Reichweite von 6,9 Metern. Er ist mit einem Weitwinkelgelenk und einem Teleskoparm mit einem innen positionierten Zylinder f\u00fcr noch h\u00f6here Funktionalit\u00e4t ausgestattet und hat ein Hubmoment von 47 kNm (Brutto).<\/p>\n<p>Der Kran FB69T ist standardm\u00e4\u00dfig mit einem 3-Tonnen-Rotator, Greifer FB190, Anschluss der Hydraulikschl\u00e4uche an die Krans\u00e4ule und an den Rotator ausgestattet. Das Rotatorgelenk wird standardm\u00e4\u00dfig mit Pendelbremse geliefert. Der Kran ist mit einem 4-Zylinder-Schwenkwerk ausgestattet und hat ein Schwenkmoment von 11 kNm.<\/p>\n<ul>\n<li>Servicefreundliche L\u00f6sungen f\u00fcr den Austausch von Schl\u00e4uchen und Verschlei\u00dfteilen<\/li>\n<li>Hauptausleger bereit f\u00fcr Seilwindenmontage<\/li>\n<li>3-Punkt-Rahmen f\u00fcr Traktor verf\u00fcgbar<\/li>\n<\/ul>\n","protected":false},"excerpt":{"rendered":"<p>FB69T hat eine Kranl\u00e4nge von 6,9 m<\/p>\n","protected":false},"featured_media":1116,"comment_status":"closed","ping_status":"closed","template":"","meta":{"_acf_changed":false,"inline_featured_image":false},"product_cat":[92],"product_tag":[],"acf":[],"_links":{"self":[{"href":"https:\/\/ftgkallefall.com\/de\/wp-json\/wp\/v2\/product\/1894"}],"collection":[{"href":"https:\/\/ftgkallefall.com\/de\/wp-json\/wp\/v2\/product"}],"about":[{"href":"https:\/\/ftgkallefall.com\/de\/wp-json\/wp\/v2\/types\/product"}],"replies":[{"embeddable":true,"href":"https:\/\/ftgkallefall.com\/de\/wp-json\/wp\/v2\/comments?post=1894"}],"wp:featuredmedia":[{"embeddable":true,"href":"https:\/\/ftgkallefall.com\/de\/wp-json\/wp\/v2\/media\/1116"}],"wp:attachment":[{"href":"https:\/\/ftgkallefall.com\/de\/wp-json\/wp\/v2\/media?parent=1894"}],"wp:term":[{"taxonomy":"product_cat","embeddable":true,"href":"https:\/\/ftgkallefall.com\/de\/wp-json\/wp\/v2\/product_cat?post=1894"},{"taxonomy":"product_tag","embeddable":true,"href":"https:\/\/ftgkallefall.com\/de\/wp-json\/wp\/v2\/product_tag?post=1894"}],"curies":[{"name":"wp","href":"https:\/\/api.w.org\/{rel}","templated":true}]}}