{"id":1904,"date":"2023-12-20T13:29:27","date_gmt":"2023-12-20T11:29:27","guid":{"rendered":"https:\/\/ftgkallefall.com\/?post_type=product&#038;p=1904"},"modified":"2024-06-15T09:15:50","modified_gmt":"2024-06-15T09:15:50","slug":"greifer-fb190wf","status":"publish","type":"product","link":"https:\/\/ftgkallefall.com\/de\/produkt\/greifer-fb190wf\/","title":{"rendered":"GREIFER FB190WF"},"content":{"rendered":"<p>Der Forstgreifer FB190WF ist ein robustes und leistungsstarkes Werkzeug f\u00fcr St\u00e4mme &#8211; insbesondere f\u00fcr schwere Eins\u00e4tze. Die robuste Konstruktion aus Domex 650-Stahl, hochwertige Komponenten und eine bew\u00e4hrte Konstruktionsl\u00f6sung tragen zu einer langen Lebensdauer des Greifers bei. Breite \u00d6ffnungsarme mit einem Hydraulikzylinder sorgen f\u00fcr hohe Greifkraft und schnelle Zykluszeiten und maximieren die Ladeleistung. Der Greiferrahmen und die Greifarme sind aus hochfestem Stahl gefertigt, was eine hohe Zuverl\u00e4ssigkeit und einfache Bedienung gew\u00e4hrleistet.<\/p>\n<p>Die maximale \u00d6ffnungsweite des Greifers betr\u00e4gt 1200 mm bei einer Greiffl\u00e4che von 0,19 m\u00b2. Dieses Modell ist mit einer Flanschbefestigung ausgestattet. Alle Bolzen, Achsstifte und Zylinderschl\u00e4uche sind sicher gesch\u00fctzt.<\/p>\n","protected":false},"excerpt":{"rendered":"<p>Greiffl\u00e4che 0.19 m\u00b2, \u00d6ffnungsweite 1200 mm<\/p>\n","protected":false},"featured_media":7145,"comment_status":"closed","ping_status":"closed","template":"","meta":{"_acf_changed":false,"inline_featured_image":false},"product_cat":[85,86],"product_tag":[],"acf":[],"_links":{"self":[{"href":"https:\/\/ftgkallefall.com\/de\/wp-json\/wp\/v2\/product\/1904"}],"collection":[{"href":"https:\/\/ftgkallefall.com\/de\/wp-json\/wp\/v2\/product"}],"about":[{"href":"https:\/\/ftgkallefall.com\/de\/wp-json\/wp\/v2\/types\/product"}],"replies":[{"embeddable":true,"href":"https:\/\/ftgkallefall.com\/de\/wp-json\/wp\/v2\/comments?post=1904"}],"wp:featuredmedia":[{"embeddable":true,"href":"https:\/\/ftgkallefall.com\/de\/wp-json\/wp\/v2\/media\/7145"}],"wp:attachment":[{"href":"https:\/\/ftgkallefall.com\/de\/wp-json\/wp\/v2\/media?parent=1904"}],"wp:term":[{"taxonomy":"product_cat","embeddable":true,"href":"https:\/\/ftgkallefall.com\/de\/wp-json\/wp\/v2\/product_cat?post=1904"},{"taxonomy":"product_tag","embeddable":true,"href":"https:\/\/ftgkallefall.com\/de\/wp-json\/wp\/v2\/product_tag?post=1904"}],"curies":[{"name":"wp","href":"https:\/\/api.w.org\/{rel}","templated":true}]}}