{"id":1907,"date":"2023-12-20T13:31:03","date_gmt":"2023-12-20T11:31:03","guid":{"rendered":"https:\/\/ftgkallefall.com\/?post_type=product&#038;p=1907"},"modified":"2024-06-15T09:33:44","modified_gmt":"2024-06-15T09:33:44","slug":"greifer-fb210","status":"publish","type":"product","link":"https:\/\/ftgkallefall.com\/de\/produkt\/greifer-fb210\/","title":{"rendered":"GREIFER FB210"},"content":{"rendered":"<p>Der Forstgreifer FB210 ist auf Langlebigkeit und Stabilit\u00e4t ausgelegt und hat sich unter den h\u00e4rtesten Bedingungen im Wald bew\u00e4hrt. Der Greiferrahmen und die Greifarme sind aus hochfestem Stahl gefertigt, was eine hohe Zuverl\u00e4ssigkeit und einfache Bedienung gew\u00e4hrleistet. Das DOMEX-Stahl gew\u00e4hrleistet eine lange Lebensdauer des Greifers auch in den schwierigsten Situationen.<\/p>\n<p>Die maximale \u00d6ffnungsweite des Greifers betr\u00e4gt 1310 mm bei einer Greiffl\u00e4che von 0,21 m<sup>2<\/sup>.\u00a0Dieses Modell ist mit einer Flanschbefestigung ausgestattet. Alle Bolzen, Achsstifte und Zylinderschl\u00e4uche sind sicher gesch\u00fctzt.<em>\u00a0<\/em><\/p>\n","protected":false},"excerpt":{"rendered":"<p>Greiffl\u00e4che 0.21 m\u00b2, \u00d6ffnungsweite 1310 mm<\/p>\n","protected":false},"featured_media":7160,"comment_status":"closed","ping_status":"closed","template":"","meta":{"_acf_changed":false,"inline_featured_image":false},"product_cat":[85,86],"product_tag":[],"acf":[],"_links":{"self":[{"href":"https:\/\/ftgkallefall.com\/de\/wp-json\/wp\/v2\/product\/1907"}],"collection":[{"href":"https:\/\/ftgkallefall.com\/de\/wp-json\/wp\/v2\/product"}],"about":[{"href":"https:\/\/ftgkallefall.com\/de\/wp-json\/wp\/v2\/types\/product"}],"replies":[{"embeddable":true,"href":"https:\/\/ftgkallefall.com\/de\/wp-json\/wp\/v2\/comments?post=1907"}],"wp:featuredmedia":[{"embeddable":true,"href":"https:\/\/ftgkallefall.com\/de\/wp-json\/wp\/v2\/media\/7160"}],"wp:attachment":[{"href":"https:\/\/ftgkallefall.com\/de\/wp-json\/wp\/v2\/media?parent=1907"}],"wp:term":[{"taxonomy":"product_cat","embeddable":true,"href":"https:\/\/ftgkallefall.com\/de\/wp-json\/wp\/v2\/product_cat?post=1907"},{"taxonomy":"product_tag","embeddable":true,"href":"https:\/\/ftgkallefall.com\/de\/wp-json\/wp\/v2\/product_tag?post=1907"}],"curies":[{"name":"wp","href":"https:\/\/api.w.org\/{rel}","templated":true}]}}