{"id":1911,"date":"2023-12-20T13:35:52","date_gmt":"2023-12-20T11:35:52","guid":{"rendered":"https:\/\/ftgkallefall.com\/?post_type=product&#038;p=1911"},"modified":"2024-06-15T10:03:05","modified_gmt":"2024-06-15T10:03:05","slug":"greiferschaufel-kg180","status":"publish","type":"product","link":"https:\/\/ftgkallefall.com\/de\/produkt\/greiferschaufel-kg180\/","title":{"rendered":"GREIFERSCHAUFEL KG180"},"content":{"rendered":"<p>Der Schaufelgreifer KG180 wurde f\u00fcr den zuverl\u00e4ssigen Umgang mit Sch\u00fcttgut konzipiert und ist pr\u00e4zise f\u00fcr maximale Lade- und Entladevorg\u00e4nge konstruiert. Das leichte und robuste Design ist die beste Wahl f\u00fcr effizientes Arbeiten.<\/p>\n<p>Der Schaufelgreifer kann Sch\u00fcttgut unterschiedlicher Art handhaben. Das Schaufelvolumen betr\u00e4gt 110 l und die Hauptstruktur ist so konzipiert, dass das Sch\u00fcttgut sehr fest gehalten wird.<\/p>\n","protected":false},"excerpt":{"rendered":"<p>Volumen 110 L<\/p>\n","protected":false},"featured_media":6956,"comment_status":"closed","ping_status":"closed","template":"","meta":{"_acf_changed":false,"inline_featured_image":false},"product_cat":[85,86],"product_tag":[],"acf":[],"_links":{"self":[{"href":"https:\/\/ftgkallefall.com\/de\/wp-json\/wp\/v2\/product\/1911"}],"collection":[{"href":"https:\/\/ftgkallefall.com\/de\/wp-json\/wp\/v2\/product"}],"about":[{"href":"https:\/\/ftgkallefall.com\/de\/wp-json\/wp\/v2\/types\/product"}],"replies":[{"embeddable":true,"href":"https:\/\/ftgkallefall.com\/de\/wp-json\/wp\/v2\/comments?post=1911"}],"wp:featuredmedia":[{"embeddable":true,"href":"https:\/\/ftgkallefall.com\/de\/wp-json\/wp\/v2\/media\/6956"}],"wp:attachment":[{"href":"https:\/\/ftgkallefall.com\/de\/wp-json\/wp\/v2\/media?parent=1911"}],"wp:term":[{"taxonomy":"product_cat","embeddable":true,"href":"https:\/\/ftgkallefall.com\/de\/wp-json\/wp\/v2\/product_cat?post=1911"},{"taxonomy":"product_tag","embeddable":true,"href":"https:\/\/ftgkallefall.com\/de\/wp-json\/wp\/v2\/product_tag?post=1911"}],"curies":[{"name":"wp","href":"https:\/\/api.w.org\/{rel}","templated":true}]}}