{"id":1915,"date":"2024-04-22T05:57:59","date_gmt":"2024-04-22T03:57:59","guid":{"rendered":"https:\/\/ftgkallefall.com\/?post_type=product&#038;p=1915"},"modified":"2026-05-14T15:24:25","modified_gmt":"2026-05-14T13:24:25","slug":"ruckewagen-fb70-2wd","status":"publish","type":"product","link":"https:\/\/ftgkallefall.com\/de\/produkt\/ruckewagen-fb70-2wd\/","title":{"rendered":"R\u00dcCKEWAGEN FB70-2WD"},"content":{"rendered":"<p>Der R\u00fcckewagen FB70-2WD verf\u00fcgt \u00fcber einen Zentralrohrrahmen, gerade Deichsel mit Flansch-Zug\u00f6se \u00d8 40 mm, hydraulische Deichsellenkung, stabilen Schutzgitter, teleskopische A-Abst\u00fctzung mit innenliegenden Zylindern und Sperrventile, Rahmenverl\u00e4ngerung mit integriertes LED-R\u00fccklicht und Kennzeichenleuchten, Boogieachse, insgesamt von 3 Rungenpaaren mit 6 Rungen, Zur\u00f6sen f\u00fcr Spanngurt und Bereifung 400\/60-15.5 mit Stollenprofil und Ventilschutz.<\/p>\n<ul>\n<li>R\u00fcckewagen mit max. zul\u00e4ssiges Gesamtgewicht von 9 000 kg<\/li>\n<li>Innovatives Steuerungs- und Schutzsystem<\/li>\n<li>Freilauf bei Stra\u00dfenfahrten bis 40 km\/h<\/li>\n<\/ul>\n","protected":false},"excerpt":{"rendered":"<p>FB70-2WD hat eine Nutzlast von 7 Tonnen und ein maximal zGG. von 9 Tonnen<\/p>\n","protected":false},"featured_media":1924,"comment_status":"closed","ping_status":"closed","template":"","meta":{"_acf_changed":false,"inline_featured_image":false},"product_cat":[84],"product_tag":[],"acf":[],"_links":{"self":[{"href":"https:\/\/ftgkallefall.com\/de\/wp-json\/wp\/v2\/product\/1915"}],"collection":[{"href":"https:\/\/ftgkallefall.com\/de\/wp-json\/wp\/v2\/product"}],"about":[{"href":"https:\/\/ftgkallefall.com\/de\/wp-json\/wp\/v2\/types\/product"}],"replies":[{"embeddable":true,"href":"https:\/\/ftgkallefall.com\/de\/wp-json\/wp\/v2\/comments?post=1915"}],"wp:featuredmedia":[{"embeddable":true,"href":"https:\/\/ftgkallefall.com\/de\/wp-json\/wp\/v2\/media\/1924"}],"wp:attachment":[{"href":"https:\/\/ftgkallefall.com\/de\/wp-json\/wp\/v2\/media?parent=1915"}],"wp:term":[{"taxonomy":"product_cat","embeddable":true,"href":"https:\/\/ftgkallefall.com\/de\/wp-json\/wp\/v2\/product_cat?post=1915"},{"taxonomy":"product_tag","embeddable":true,"href":"https:\/\/ftgkallefall.com\/de\/wp-json\/wp\/v2\/product_tag?post=1915"}],"curies":[{"name":"wp","href":"https:\/\/api.w.org\/{rel}","templated":true}]}}