{"id":1940,"date":"2023-12-20T13:38:57","date_gmt":"2023-12-20T11:38:57","guid":{"rendered":"https:\/\/ftgkallefall.com\/?post_type=product&#038;p=1940"},"modified":"2024-06-25T09:04:04","modified_gmt":"2024-06-25T09:04:04","slug":"einlegeschalen","status":"publish","type":"product","link":"https:\/\/ftgkallefall.com\/de\/produkt\/einlegeschalen\/","title":{"rendered":"Einlegeschalen"},"content":{"rendered":"<p>Die Einsatzschallen eignet sich f\u00fcr den Umschlag von leichten Sch\u00fcttg\u00fctern wie Holzsp\u00e4ne, S\u00e4gemehl, K\u00f6rner und \u00e4hnliches. Der Satz enth\u00e4lt ein Paar Schaufeln und Klemmteile f\u00fcr die Montage am Greifer. Sie k\u00f6nnen aus vier verschiedenen Modellen w\u00e4hlen, die zu den FTG K\u00e4llefall-Greifern passen.<\/p>\n<p>Der Schaufelanbausatz bietet dem Bediener maximale Kontrolle beim Umgang mit verschiedenen leichten Lasten. Nicht geeignet f\u00fcr Steine, Kies, Sand, usw.<\/p>\n","protected":false},"excerpt":{"rendered":"<p>Volume 80-160 L<\/p>\n","protected":false},"featured_media":7175,"comment_status":"closed","ping_status":"closed","template":"","meta":{"_acf_changed":false,"inline_featured_image":false},"product_cat":[85,86],"product_tag":[],"acf":[],"_links":{"self":[{"href":"https:\/\/ftgkallefall.com\/de\/wp-json\/wp\/v2\/product\/1940"}],"collection":[{"href":"https:\/\/ftgkallefall.com\/de\/wp-json\/wp\/v2\/product"}],"about":[{"href":"https:\/\/ftgkallefall.com\/de\/wp-json\/wp\/v2\/types\/product"}],"replies":[{"embeddable":true,"href":"https:\/\/ftgkallefall.com\/de\/wp-json\/wp\/v2\/comments?post=1940"}],"wp:featuredmedia":[{"embeddable":true,"href":"https:\/\/ftgkallefall.com\/de\/wp-json\/wp\/v2\/media\/7175"}],"wp:attachment":[{"href":"https:\/\/ftgkallefall.com\/de\/wp-json\/wp\/v2\/media?parent=1940"}],"wp:term":[{"taxonomy":"product_cat","embeddable":true,"href":"https:\/\/ftgkallefall.com\/de\/wp-json\/wp\/v2\/product_cat?post=1940"},{"taxonomy":"product_tag","embeddable":true,"href":"https:\/\/ftgkallefall.com\/de\/wp-json\/wp\/v2\/product_tag?post=1940"}],"curies":[{"name":"wp","href":"https:\/\/api.w.org\/{rel}","templated":true}]}}