{"id":1944,"date":"2023-12-29T11:39:52","date_gmt":"2023-12-29T09:39:52","guid":{"rendered":"https:\/\/ftgkallefall.com\/?post_type=product&#038;p=1944"},"modified":"2024-06-26T18:58:23","modified_gmt":"2024-06-26T16:58:23","slug":"anschluss-der-hydraulikschlaeuche","status":"publish","type":"product","link":"https:\/\/ftgkallefall.com\/de\/produkt\/anschluss-der-hydraulikschlaeuche\/","title":{"rendered":"Anschluss der Hydraulikschl\u00e4uche"},"content":{"rendered":"<p>FTG K\u00e4llefall-Krane k\u00f6nnen mit einem zus\u00e4tzlichen Anschluss f\u00fcr Hydraulikschl\u00e4uche an der Krans\u00e4ule ausgestattet werden.<\/p>\n<ul>\n<li>Verk\u00fcrzte Servicezeit<\/li>\n<li>Einfacher Austausch von besch\u00e4digten\/undichten Schl\u00e4uchen<\/li>\n<li>Der Austausch kurzer Schl\u00e4uche anstelle langer Schl\u00e4uche kann Geld sparen<\/li>\n<\/ul>\n","protected":false},"excerpt":{"rendered":"<p>FTG K\u00e4llefall-Krane k\u00f6nnen mit einem zus\u00e4tzlichen Anschluss f\u00fcr Hydraulikschl\u00e4uche an der Krans\u00e4ule ausgestattet werden. Verk\u00fcrzte Servicezeit Einfacher Austausch von besch\u00e4digten\/undichten Schl\u00e4uchen Der Austausch kurzer Schl\u00e4uche anstelle langer Schl\u00e4uche kann Geld sparen<\/p>\n","protected":false},"featured_media":1509,"comment_status":"open","ping_status":"closed","template":"","meta":{"_acf_changed":false,"inline_featured_image":false},"product_cat":[85,99],"product_tag":[],"acf":[],"_links":{"self":[{"href":"https:\/\/ftgkallefall.com\/de\/wp-json\/wp\/v2\/product\/1944"}],"collection":[{"href":"https:\/\/ftgkallefall.com\/de\/wp-json\/wp\/v2\/product"}],"about":[{"href":"https:\/\/ftgkallefall.com\/de\/wp-json\/wp\/v2\/types\/product"}],"replies":[{"embeddable":true,"href":"https:\/\/ftgkallefall.com\/de\/wp-json\/wp\/v2\/comments?post=1944"}],"wp:featuredmedia":[{"embeddable":true,"href":"https:\/\/ftgkallefall.com\/de\/wp-json\/wp\/v2\/media\/1509"}],"wp:attachment":[{"href":"https:\/\/ftgkallefall.com\/de\/wp-json\/wp\/v2\/media?parent=1944"}],"wp:term":[{"taxonomy":"product_cat","embeddable":true,"href":"https:\/\/ftgkallefall.com\/de\/wp-json\/wp\/v2\/product_cat?post=1944"},{"taxonomy":"product_tag","embeddable":true,"href":"https:\/\/ftgkallefall.com\/de\/wp-json\/wp\/v2\/product_tag?post=1944"}],"curies":[{"name":"wp","href":"https:\/\/api.w.org\/{rel}","templated":true}]}}