{"id":1947,"date":"2023-12-29T11:19:38","date_gmt":"2023-12-29T09:19:38","guid":{"rendered":"https:\/\/ftgkallefall.com\/?post_type=product&#038;p=1947"},"modified":"2024-06-26T19:14:30","modified_gmt":"2024-06-26T17:14:30","slug":"manometer","status":"publish","type":"product","link":"https:\/\/ftgkallefall.com\/de\/produkt\/manometer\/","title":{"rendered":"Manometer"},"content":{"rendered":"<p>Manometer zur \u00dcberwachung des Betriebsdrucks.<\/p>\n<p>Passend f\u00fcr alle Forstkr\u00e4ne.<\/p>\n","protected":false},"excerpt":{"rendered":"<p>Manometer zur \u00dcberwachung des Betriebsdrucks. Passend f\u00fcr alle Forstkr\u00e4ne.<\/p>\n","protected":false},"featured_media":1434,"comment_status":"open","ping_status":"closed","template":"","meta":{"_acf_changed":false,"inline_featured_image":false},"product_cat":[85,99],"product_tag":[],"acf":[],"_links":{"self":[{"href":"https:\/\/ftgkallefall.com\/de\/wp-json\/wp\/v2\/product\/1947"}],"collection":[{"href":"https:\/\/ftgkallefall.com\/de\/wp-json\/wp\/v2\/product"}],"about":[{"href":"https:\/\/ftgkallefall.com\/de\/wp-json\/wp\/v2\/types\/product"}],"replies":[{"embeddable":true,"href":"https:\/\/ftgkallefall.com\/de\/wp-json\/wp\/v2\/comments?post=1947"}],"wp:featuredmedia":[{"embeddable":true,"href":"https:\/\/ftgkallefall.com\/de\/wp-json\/wp\/v2\/media\/1434"}],"wp:attachment":[{"href":"https:\/\/ftgkallefall.com\/de\/wp-json\/wp\/v2\/media?parent=1947"}],"wp:term":[{"taxonomy":"product_cat","embeddable":true,"href":"https:\/\/ftgkallefall.com\/de\/wp-json\/wp\/v2\/product_cat?post=1947"},{"taxonomy":"product_tag","embeddable":true,"href":"https:\/\/ftgkallefall.com\/de\/wp-json\/wp\/v2\/product_tag?post=1947"}],"curies":[{"name":"wp","href":"https:\/\/api.w.org\/{rel}","templated":true}]}}