{"id":1960,"date":"2023-12-29T10:31:54","date_gmt":"2023-12-29T08:31:54","guid":{"rendered":"https:\/\/ftgkallefall.com\/?post_type=product&#038;p=1960"},"modified":"2024-06-26T16:09:56","modified_gmt":"2024-06-26T14:09:56","slug":"motorsaegenhalter","status":"publish","type":"product","link":"https:\/\/ftgkallefall.com\/de\/produkt\/motorsaegenhalter\/","title":{"rendered":"Motors\u00e4genhalter"},"content":{"rendered":"<p>Der universelle Motors\u00e4genhalter passt auf fast alle Motors\u00e4genmodelle. Der S\u00e4genhalter l\u00e4sst sich leicht montieren und demontieren und h\u00e4lt die S\u00e4ge auch bei Fahrten in unwegsamem Gel\u00e4nde sicher und fest.<\/p>\n<p>Es ist eine praktische Option, wenn Sie Ihre eigene Kettens\u00e4ge griffbereit halten und im Wald effektiv einsetzen m\u00f6chten.<\/p>\n","protected":false},"excerpt":{"rendered":"<p>Der universelle Motors\u00e4genhalter passt auf fast alle Motors\u00e4genmodelle. Der S\u00e4genhalter l\u00e4sst sich leicht montieren und demontieren und h\u00e4lt die S\u00e4ge auch bei Fahrten in unwegsamem Gel\u00e4nde sicher und fest. Es ist eine praktische Option, wenn Sie Ihre eigene Kettens\u00e4ge griffbereit halten und im Wald effektiv einsetzen m\u00f6chten.<\/p>\n","protected":false},"featured_media":7754,"comment_status":"closed","ping_status":"closed","template":"","meta":{"_acf_changed":false,"inline_featured_image":false},"product_cat":[85,98],"product_tag":[],"acf":[],"_links":{"self":[{"href":"https:\/\/ftgkallefall.com\/de\/wp-json\/wp\/v2\/product\/1960"}],"collection":[{"href":"https:\/\/ftgkallefall.com\/de\/wp-json\/wp\/v2\/product"}],"about":[{"href":"https:\/\/ftgkallefall.com\/de\/wp-json\/wp\/v2\/types\/product"}],"replies":[{"embeddable":true,"href":"https:\/\/ftgkallefall.com\/de\/wp-json\/wp\/v2\/comments?post=1960"}],"wp:featuredmedia":[{"embeddable":true,"href":"https:\/\/ftgkallefall.com\/de\/wp-json\/wp\/v2\/media\/7754"}],"wp:attachment":[{"href":"https:\/\/ftgkallefall.com\/de\/wp-json\/wp\/v2\/media?parent=1960"}],"wp:term":[{"taxonomy":"product_cat","embeddable":true,"href":"https:\/\/ftgkallefall.com\/de\/wp-json\/wp\/v2\/product_cat?post=1960"},{"taxonomy":"product_tag","embeddable":true,"href":"https:\/\/ftgkallefall.com\/de\/wp-json\/wp\/v2\/product_tag?post=1960"}],"curies":[{"name":"wp","href":"https:\/\/api.w.org\/{rel}","templated":true}]}}