{"id":1961,"date":"2023-12-29T07:45:26","date_gmt":"2023-12-29T05:45:26","guid":{"rendered":"https:\/\/ftgkallefall.com\/?post_type=product&#038;p=1961"},"modified":"2024-06-25T18:13:19","modified_gmt":"2024-06-25T16:13:19","slug":"seilwinde-fb800","status":"publish","type":"product","link":"https:\/\/ftgkallefall.com\/de\/produkt\/seilwinde-fb800\/","title":{"rendered":"Seilwinde FB800"},"content":{"rendered":"<p>Die FTG K\u00e4llefall Kranwinde FB800 mit Fernsteuerung ist f\u00fcr das Einsammeln einzelner St\u00e4mme im Wald oder an anderen schwer zug\u00e4nglichen Stellen konzipiert. Die robuste Konstruktion garantiert eine lange Lebensdauer und eine komfortable Bedienung. Die Winde ist eine leichte und kompakte Konstruktion. Sie hat eine Zugkraft von 800kp und kann in den meisten Waldgebieten eingesetzt werden.<\/p>\n<ul>\n<li>Einfach zu installieren<\/li>\n<li>Erh\u00e4ltlich mit elektrohydraulischer Steuerung und Fernbedienung<\/li>\n<li>Bequemes Werkzeug f\u00fcr die Entnahme einzelner St\u00e4mme<\/li>\n<\/ul>\n","protected":false},"excerpt":{"rendered":"<p>mit Fernbedienungssatz<\/p>\n","protected":false},"featured_media":1359,"comment_status":"open","ping_status":"closed","template":"","meta":{"_acf_changed":false,"inline_featured_image":false},"product_cat":[85,94],"product_tag":[],"acf":[],"_links":{"self":[{"href":"https:\/\/ftgkallefall.com\/de\/wp-json\/wp\/v2\/product\/1961"}],"collection":[{"href":"https:\/\/ftgkallefall.com\/de\/wp-json\/wp\/v2\/product"}],"about":[{"href":"https:\/\/ftgkallefall.com\/de\/wp-json\/wp\/v2\/types\/product"}],"replies":[{"embeddable":true,"href":"https:\/\/ftgkallefall.com\/de\/wp-json\/wp\/v2\/comments?post=1961"}],"wp:featuredmedia":[{"embeddable":true,"href":"https:\/\/ftgkallefall.com\/de\/wp-json\/wp\/v2\/media\/1359"}],"wp:attachment":[{"href":"https:\/\/ftgkallefall.com\/de\/wp-json\/wp\/v2\/media?parent=1961"}],"wp:term":[{"taxonomy":"product_cat","embeddable":true,"href":"https:\/\/ftgkallefall.com\/de\/wp-json\/wp\/v2\/product_cat?post=1961"},{"taxonomy":"product_tag","embeddable":true,"href":"https:\/\/ftgkallefall.com\/de\/wp-json\/wp\/v2\/product_tag?post=1961"}],"curies":[{"name":"wp","href":"https:\/\/api.w.org\/{rel}","templated":true}]}}