{"id":1962,"date":"2023-12-29T18:18:14","date_gmt":"2023-12-29T16:18:14","guid":{"rendered":"https:\/\/ftgkallefall.com\/?post_type=product&#038;p=1962"},"modified":"2024-06-26T16:11:31","modified_gmt":"2024-06-26T14:11:31","slug":"greiferhalter-am-rahmen","status":"publish","type":"product","link":"https:\/\/ftgkallefall.com\/de\/produkt\/greiferhalter-am-rahmen\/","title":{"rendered":"Greiferhalter am Rahmen"},"content":{"rendered":"<p>Das Set enth\u00e4lt ein Schutzteil, ein Schutzgummi und Montageschrauben.<br \/>\nPassend f\u00fcr R\u00fcckenwagen FB50, FB60, FB70, FB90.<\/p>\n","protected":false},"excerpt":{"rendered":"<p>Das Set enth\u00e4lt ein Schutzteil, ein Schutzgummi und Montageschrauben. Passend f\u00fcr R\u00fcckenwagen FB50, FB60, FB70, FB90.<\/p>\n","protected":false},"featured_media":1485,"comment_status":"closed","ping_status":"closed","template":"","meta":{"_acf_changed":false,"inline_featured_image":false},"product_cat":[85,98],"product_tag":[],"acf":[],"_links":{"self":[{"href":"https:\/\/ftgkallefall.com\/de\/wp-json\/wp\/v2\/product\/1962"}],"collection":[{"href":"https:\/\/ftgkallefall.com\/de\/wp-json\/wp\/v2\/product"}],"about":[{"href":"https:\/\/ftgkallefall.com\/de\/wp-json\/wp\/v2\/types\/product"}],"replies":[{"embeddable":true,"href":"https:\/\/ftgkallefall.com\/de\/wp-json\/wp\/v2\/comments?post=1962"}],"wp:featuredmedia":[{"embeddable":true,"href":"https:\/\/ftgkallefall.com\/de\/wp-json\/wp\/v2\/media\/1485"}],"wp:attachment":[{"href":"https:\/\/ftgkallefall.com\/de\/wp-json\/wp\/v2\/media?parent=1962"}],"wp:term":[{"taxonomy":"product_cat","embeddable":true,"href":"https:\/\/ftgkallefall.com\/de\/wp-json\/wp\/v2\/product_cat?post=1962"},{"taxonomy":"product_tag","embeddable":true,"href":"https:\/\/ftgkallefall.com\/de\/wp-json\/wp\/v2\/product_tag?post=1962"}],"curies":[{"name":"wp","href":"https:\/\/api.w.org\/{rel}","templated":true}]}}