{"id":1970,"date":"2024-01-02T10:23:50","date_gmt":"2024-01-02T08:23:50","guid":{"rendered":"https:\/\/ftgkallefall.com\/?post_type=product&#038;p=1970"},"modified":"2024-06-26T15:56:32","modified_gmt":"2024-06-26T13:56:32","slug":"schwenkwerk-38-6-4x80","status":"publish","type":"product","link":"https:\/\/ftgkallefall.com\/de\/produkt\/schwenkwerk-38-6-4x80\/","title":{"rendered":"Schwenkwerk &#8222;38-6-4&#215;80&#8220;"},"content":{"rendered":"<p>Schwenkwerk &#8222;38-6-4&#215;80&#8220;\u00a0 mit 4 Drehzylindern Merkmale:<\/p>\n<ul>\n<li>Robustes Geh\u00e4use aus Gusseisen<\/li>\n<li>Die Messingbuchse an der Oberseite<\/li>\n<li>Gelenklager im Boden f\u00fcr eine zuverl\u00e4ssige Lagerung der Zahnstangenwelle<\/li>\n<li>Maschenmodul #6<\/li>\n<\/ul>\n<p>Alles in allem bietet er ein hohes Drehmoment, eine lange Lebensdauer und einen langen st\u00f6rungsfreien Betrieb.<\/p>\n","protected":false},"excerpt":{"rendered":"<p>Schwenkwerk &#8222;38-6-4&#215;80&#8220;\u00a0 mit 4 Drehzylindern Merkmale: Robustes Geh\u00e4use aus Gusseisen Die Messingbuchse an der Oberseite Gelenklager im Boden f\u00fcr eine zuverl\u00e4ssige Lagerung der Zahnstangenwelle Maschenmodul #6 Alles in allem bietet er ein hohes Drehmoment, eine lange Lebensdauer und einen langen st\u00f6rungsfreien Betrieb.<\/p>\n","protected":false},"featured_media":1524,"comment_status":"closed","ping_status":"closed","template":"","meta":{"_acf_changed":false,"inline_featured_image":false},"product_cat":[85,99],"product_tag":[],"acf":[],"_links":{"self":[{"href":"https:\/\/ftgkallefall.com\/de\/wp-json\/wp\/v2\/product\/1970"}],"collection":[{"href":"https:\/\/ftgkallefall.com\/de\/wp-json\/wp\/v2\/product"}],"about":[{"href":"https:\/\/ftgkallefall.com\/de\/wp-json\/wp\/v2\/types\/product"}],"replies":[{"embeddable":true,"href":"https:\/\/ftgkallefall.com\/de\/wp-json\/wp\/v2\/comments?post=1970"}],"wp:featuredmedia":[{"embeddable":true,"href":"https:\/\/ftgkallefall.com\/de\/wp-json\/wp\/v2\/media\/1524"}],"wp:attachment":[{"href":"https:\/\/ftgkallefall.com\/de\/wp-json\/wp\/v2\/media?parent=1970"}],"wp:term":[{"taxonomy":"product_cat","embeddable":true,"href":"https:\/\/ftgkallefall.com\/de\/wp-json\/wp\/v2\/product_cat?post=1970"},{"taxonomy":"product_tag","embeddable":true,"href":"https:\/\/ftgkallefall.com\/de\/wp-json\/wp\/v2\/product_tag?post=1970"}],"curies":[{"name":"wp","href":"https:\/\/api.w.org\/{rel}","templated":true}]}}