{"id":1971,"date":"2024-01-02T14:36:28","date_gmt":"2024-01-02T12:36:28","guid":{"rendered":"https:\/\/ftgkallefall.com\/?post_type=product&#038;p=1971"},"modified":"2024-06-26T15:32:10","modified_gmt":"2024-06-26T13:32:10","slug":"eigenoelversorgung-fb70-fb90-fb100","status":"publish","type":"product","link":"https:\/\/ftgkallefall.com\/de\/produkt\/eigenoelversorgung-fb70-fb90-fb100\/","title":{"rendered":"Eigen\u00f6lversorgung FB70\/FB90\/FB100"},"content":{"rendered":"<p>Eine Eigen\u00f6lversorgung wird verwendet, wenn der \u00d6lfluss des Traktors f\u00fcr die gew\u00fcnschte Kranbetriebsgeschwindigkeit bei Leerlaufdrehzahl der Zapfwelle nicht ausreicht.<\/p>\n<ul>\n<li>Der \u00d6ltank ist so konstruiert, dass er perfekt zu den Anh\u00e4ngern passt.<\/li>\n<li>Pumpe zur Montage an der Deichsel oder direkt an der Zapfwelle des Traktors erh\u00e4ltlich<\/li>\n<li>Die Systemkapazit\u00e4t gew\u00e4hrleistet den Kranbetrieb mit der vorgesehenen Leistung<\/li>\n<\/ul>\n","protected":false},"excerpt":{"rendered":"<p>Eine Eigen\u00f6lversorgung wird verwendet, wenn der \u00d6lfluss des Traktors f\u00fcr die gew\u00fcnschte Kranbetriebsgeschwindigkeit bei Leerlaufdrehzahl der Zapfwelle nicht ausreicht. Der \u00d6ltank ist so konstruiert, dass er perfekt zu den Anh\u00e4ngern passt. Pumpe zur Montage an der Deichsel oder direkt an der Zapfwelle des Traktors erh\u00e4ltlich Die Systemkapazit\u00e4t gew\u00e4hrleistet den Kranbetrieb mit der vorgesehenen Leistung<\/p>\n","protected":false},"featured_media":1131,"comment_status":"open","ping_status":"closed","template":"","meta":{"_acf_changed":false,"inline_featured_image":false},"product_cat":[85,96],"product_tag":[],"acf":[],"_links":{"self":[{"href":"https:\/\/ftgkallefall.com\/de\/wp-json\/wp\/v2\/product\/1971"}],"collection":[{"href":"https:\/\/ftgkallefall.com\/de\/wp-json\/wp\/v2\/product"}],"about":[{"href":"https:\/\/ftgkallefall.com\/de\/wp-json\/wp\/v2\/types\/product"}],"replies":[{"embeddable":true,"href":"https:\/\/ftgkallefall.com\/de\/wp-json\/wp\/v2\/comments?post=1971"}],"wp:featuredmedia":[{"embeddable":true,"href":"https:\/\/ftgkallefall.com\/de\/wp-json\/wp\/v2\/media\/1131"}],"wp:attachment":[{"href":"https:\/\/ftgkallefall.com\/de\/wp-json\/wp\/v2\/media?parent=1971"}],"wp:term":[{"taxonomy":"product_cat","embeddable":true,"href":"https:\/\/ftgkallefall.com\/de\/wp-json\/wp\/v2\/product_cat?post=1971"},{"taxonomy":"product_tag","embeddable":true,"href":"https:\/\/ftgkallefall.com\/de\/wp-json\/wp\/v2\/product_tag?post=1971"}],"curies":[{"name":"wp","href":"https:\/\/api.w.org\/{rel}","templated":true}]}}