{"id":1972,"date":"2023-12-29T08:04:29","date_gmt":"2023-12-29T06:04:29","guid":{"rendered":"https:\/\/ftgkallefall.com\/?post_type=product&#038;p=1972"},"modified":"2024-06-25T18:12:15","modified_gmt":"2024-06-25T16:12:15","slug":"seilwinde-1410kpl","status":"publish","type":"product","link":"https:\/\/ftgkallefall.com\/de\/produkt\/seilwinde-1410kpl\/","title":{"rendered":"Seilwinde 1410KPL"},"content":{"rendered":"<p>Die FTG K\u00e4llefall Kranwinde 1410KPL mit Fernsteuerung ist f\u00fcr das Einsammeln einzelner St\u00e4mme im Wald oder an anderen schwer zug\u00e4nglichen Stellen konzipiert. Die robuste Konstruktion garantiert eine lange Lebensdauer und komfortable Bedienung. Die Winde ist eine leichte und kompakte Konstruktion. Sie hat eine Zugkraft von 1400 kg und kann in den meisten Forstanwendungen eingesetzt werden.<\/p>\n","protected":false},"excerpt":{"rendered":"<p>mit Fernbedienungssatz<\/p>\n","protected":false},"featured_media":1521,"comment_status":"open","ping_status":"closed","template":"","meta":{"_acf_changed":false,"inline_featured_image":false},"product_cat":[85,94],"product_tag":[],"acf":[],"_links":{"self":[{"href":"https:\/\/ftgkallefall.com\/de\/wp-json\/wp\/v2\/product\/1972"}],"collection":[{"href":"https:\/\/ftgkallefall.com\/de\/wp-json\/wp\/v2\/product"}],"about":[{"href":"https:\/\/ftgkallefall.com\/de\/wp-json\/wp\/v2\/types\/product"}],"replies":[{"embeddable":true,"href":"https:\/\/ftgkallefall.com\/de\/wp-json\/wp\/v2\/comments?post=1972"}],"wp:featuredmedia":[{"embeddable":true,"href":"https:\/\/ftgkallefall.com\/de\/wp-json\/wp\/v2\/media\/1521"}],"wp:attachment":[{"href":"https:\/\/ftgkallefall.com\/de\/wp-json\/wp\/v2\/media?parent=1972"}],"wp:term":[{"taxonomy":"product_cat","embeddable":true,"href":"https:\/\/ftgkallefall.com\/de\/wp-json\/wp\/v2\/product_cat?post=1972"},{"taxonomy":"product_tag","embeddable":true,"href":"https:\/\/ftgkallefall.com\/de\/wp-json\/wp\/v2\/product_tag?post=1972"}],"curies":[{"name":"wp","href":"https:\/\/api.w.org\/{rel}","templated":true}]}}