{"id":1977,"date":"2024-01-02T15:07:11","date_gmt":"2024-01-02T13:07:11","guid":{"rendered":"https:\/\/ftgkallefall.com\/?post_type=product&#038;p=1977"},"modified":"2024-06-26T19:21:11","modified_gmt":"2024-06-26T17:21:11","slug":"eigenoelversorgung-3-punkt-rahmen-kat-iii","status":"publish","type":"product","link":"https:\/\/ftgkallefall.com\/de\/produkt\/eigenoelversorgung-3-punkt-rahmen-kat-iii\/","title":{"rendered":"Eigen\u00f6lversorgung 3-Punkt Rahmen Kat. III"},"content":{"rendered":"<p>Eine Eigen\u00f6lversorgung wird verwendet, wenn der \u00d6lfluss des Traktors f\u00fcr die gew\u00fcnschte Kranbetriebsgeschwindigkeit bei Leerlaufdrehzahl der Zapfwelle nicht ausreicht.<\/p>\n<ul>\n<li>\u00d6ltank mit perfekter Passform 3-Punkt-Befestigung III Kat., Anh\u00e4nger FB120D<\/li>\n<li>Pumpe zur Montage an der Deichsel oder direkt an der Zapfwelle des Traktors erh\u00e4ltlich<\/li>\n<li>Die Systemkapazit\u00e4t gew\u00e4hrleistet den Kranbetrieb mit der vorgesehenen Leistung<\/li>\n<\/ul>\n","protected":false},"excerpt":{"rendered":"<p>Eine Eigen\u00f6lversorgung wird verwendet, wenn der \u00d6lfluss des Traktors f\u00fcr die gew\u00fcnschte Kranbetriebsgeschwindigkeit bei Leerlaufdrehzahl der Zapfwelle nicht ausreicht. \u00d6ltank mit perfekter Passform 3-Punkt-Befestigung III Kat., Anh\u00e4nger FB120D Pumpe zur Montage an der Deichsel oder direkt an der Zapfwelle des Traktors erh\u00e4ltlich Die Systemkapazit\u00e4t gew\u00e4hrleistet den Kranbetrieb mit der vorgesehenen Leistung<\/p>\n","protected":false},"featured_media":1542,"comment_status":"open","ping_status":"closed","template":"","meta":{"_acf_changed":false,"inline_featured_image":false},"product_cat":[85,96],"product_tag":[],"acf":[],"_links":{"self":[{"href":"https:\/\/ftgkallefall.com\/de\/wp-json\/wp\/v2\/product\/1977"}],"collection":[{"href":"https:\/\/ftgkallefall.com\/de\/wp-json\/wp\/v2\/product"}],"about":[{"href":"https:\/\/ftgkallefall.com\/de\/wp-json\/wp\/v2\/types\/product"}],"replies":[{"embeddable":true,"href":"https:\/\/ftgkallefall.com\/de\/wp-json\/wp\/v2\/comments?post=1977"}],"wp:featuredmedia":[{"embeddable":true,"href":"https:\/\/ftgkallefall.com\/de\/wp-json\/wp\/v2\/media\/1542"}],"wp:attachment":[{"href":"https:\/\/ftgkallefall.com\/de\/wp-json\/wp\/v2\/media?parent=1977"}],"wp:term":[{"taxonomy":"product_cat","embeddable":true,"href":"https:\/\/ftgkallefall.com\/de\/wp-json\/wp\/v2\/product_cat?post=1977"},{"taxonomy":"product_tag","embeddable":true,"href":"https:\/\/ftgkallefall.com\/de\/wp-json\/wp\/v2\/product_tag?post=1977"}],"curies":[{"name":"wp","href":"https:\/\/api.w.org\/{rel}","templated":true}]}}