{"id":1979,"date":"2023-12-28T14:25:45","date_gmt":"2023-12-28T12:25:45","guid":{"rendered":"https:\/\/ftgkallefall.com\/?post_type=product&#038;p=1979"},"modified":"2024-06-25T11:25:21","modified_gmt":"2024-06-25T11:25:21","slug":"3-tonnen-rotator","status":"publish","type":"product","link":"https:\/\/ftgkallefall.com\/de\/produkt\/3-tonnen-rotator\/","title":{"rendered":"3 Tonnen Rotator"},"content":{"rendered":"<p>Ein leichter und effektiver hydraulischer Rotator mit unbegrenzter Rotation CR300 passt zu den meisten FTG K\u00e4llefall-Greifern und -L\u00f6ffeln.<\/p>\n<p>Es ist ein Modell mit Welle &#8211; wenn Sie die beste Produktivit\u00e4t und Leistung ben\u00f6tigen. Er eignet sich perfekt f\u00fcr die Forstwirtschaft zum Be- und Entladen von Kleinholz, Zellstoffholz und St\u00e4mmen.<\/p>\n","protected":false},"excerpt":{"rendered":"<p>Rotator CR300, Kupplungsloch \u00d849 mm<\/p>\n","protected":false},"featured_media":1362,"comment_status":"open","ping_status":"closed","template":"","meta":{"_acf_changed":false,"inline_featured_image":false},"product_cat":[85,93],"product_tag":[],"acf":[],"_links":{"self":[{"href":"https:\/\/ftgkallefall.com\/de\/wp-json\/wp\/v2\/product\/1979"}],"collection":[{"href":"https:\/\/ftgkallefall.com\/de\/wp-json\/wp\/v2\/product"}],"about":[{"href":"https:\/\/ftgkallefall.com\/de\/wp-json\/wp\/v2\/types\/product"}],"replies":[{"embeddable":true,"href":"https:\/\/ftgkallefall.com\/de\/wp-json\/wp\/v2\/comments?post=1979"}],"wp:featuredmedia":[{"embeddable":true,"href":"https:\/\/ftgkallefall.com\/de\/wp-json\/wp\/v2\/media\/1362"}],"wp:attachment":[{"href":"https:\/\/ftgkallefall.com\/de\/wp-json\/wp\/v2\/media?parent=1979"}],"wp:term":[{"taxonomy":"product_cat","embeddable":true,"href":"https:\/\/ftgkallefall.com\/de\/wp-json\/wp\/v2\/product_cat?post=1979"},{"taxonomy":"product_tag","embeddable":true,"href":"https:\/\/ftgkallefall.com\/de\/wp-json\/wp\/v2\/product_tag?post=1979"}],"curies":[{"name":"wp","href":"https:\/\/api.w.org\/{rel}","templated":true}]}}