{"id":1980,"date":"2023-12-28T14:30:28","date_gmt":"2023-12-28T12:30:28","guid":{"rendered":"https:\/\/ftgkallefall.com\/?post_type=product&#038;p=1980"},"modified":"2024-06-25T11:23:39","modified_gmt":"2024-06-25T11:23:39","slug":"4-tonnen-rotator","status":"publish","type":"product","link":"https:\/\/ftgkallefall.com\/de\/produkt\/4-tonnen-rotator\/","title":{"rendered":"4 Tonnen Rotator"},"content":{"rendered":"<p>Leichter und effektiver hydraulischer Rotator mit unbegrenzter Rotation &#8211; der Rotator CR400 passt zu allen gro\u00dfen FTG K\u00e4llefall-Greifern und -Schaufelgreifern.<\/p>\n<p>Es ist ein Modell mit Welle &#8211; wenn Sie die beste Produktivit\u00e4t und Leistung ben\u00f6tigen. Er eignet sich perfekt f\u00fcr das Be- und Entladen jeglicher Art von Material in der Forstwirtschaft.<\/p>\n","protected":false},"excerpt":{"rendered":"<p>Rotator CR400, Kupplungsloch \u00d859 mm<\/p>\n","protected":false},"featured_media":1365,"comment_status":"open","ping_status":"closed","template":"","meta":{"_acf_changed":false,"inline_featured_image":false},"product_cat":[85,93],"product_tag":[],"acf":[],"_links":{"self":[{"href":"https:\/\/ftgkallefall.com\/de\/wp-json\/wp\/v2\/product\/1980"}],"collection":[{"href":"https:\/\/ftgkallefall.com\/de\/wp-json\/wp\/v2\/product"}],"about":[{"href":"https:\/\/ftgkallefall.com\/de\/wp-json\/wp\/v2\/types\/product"}],"replies":[{"embeddable":true,"href":"https:\/\/ftgkallefall.com\/de\/wp-json\/wp\/v2\/comments?post=1980"}],"wp:featuredmedia":[{"embeddable":true,"href":"https:\/\/ftgkallefall.com\/de\/wp-json\/wp\/v2\/media\/1365"}],"wp:attachment":[{"href":"https:\/\/ftgkallefall.com\/de\/wp-json\/wp\/v2\/media?parent=1980"}],"wp:term":[{"taxonomy":"product_cat","embeddable":true,"href":"https:\/\/ftgkallefall.com\/de\/wp-json\/wp\/v2\/product_cat?post=1980"},{"taxonomy":"product_tag","embeddable":true,"href":"https:\/\/ftgkallefall.com\/de\/wp-json\/wp\/v2\/product_tag?post=1980"}],"curies":[{"name":"wp","href":"https:\/\/api.w.org\/{rel}","templated":true}]}}