{"id":1998,"date":"2023-12-28T14:50:53","date_gmt":"2023-12-28T12:50:53","guid":{"rendered":"https:\/\/ftgkallefall.com\/?post_type=product&#038;p=1998"},"modified":"2024-06-25T11:58:39","modified_gmt":"2024-06-25T11:58:39","slug":"6-tonnen-flanschrotator","status":"publish","type":"product","link":"https:\/\/ftgkallefall.com\/de\/produkt\/6-tonnen-flanschrotator\/","title":{"rendered":"6 Tonnen Flanschrotator"},"content":{"rendered":"<p>Die Flanschrotatoren werden verwendet, wenn Sie eine niedrige Struktur und eine flexible Verbindungsfl\u00e4che ben\u00f6tigen. Der hydraulische Rotator GV6 passt perfekt zum flanschfertigen Holzzangen und Energieholzgreifer der FTG Greiferserie.<\/p>\n<p>GV6-Rotatoren haben eine ausgezeichnete Tragf\u00e4higkeit und ein sehr hohes Drehmoment und k\u00f6nnen sehr hohe dynamische und statische Belastungen in beiden Richtungen sowie hohe Seitenkr\u00e4fte aufnehmen.<\/p>\n","protected":false},"excerpt":{"rendered":"<p>Flanschrotator GV6<\/p>\n","protected":false},"featured_media":1356,"comment_status":"open","ping_status":"closed","template":"","meta":{"_acf_changed":false,"inline_featured_image":false},"product_cat":[85,93],"product_tag":[],"acf":[],"_links":{"self":[{"href":"https:\/\/ftgkallefall.com\/de\/wp-json\/wp\/v2\/product\/1998"}],"collection":[{"href":"https:\/\/ftgkallefall.com\/de\/wp-json\/wp\/v2\/product"}],"about":[{"href":"https:\/\/ftgkallefall.com\/de\/wp-json\/wp\/v2\/types\/product"}],"replies":[{"embeddable":true,"href":"https:\/\/ftgkallefall.com\/de\/wp-json\/wp\/v2\/comments?post=1998"}],"wp:featuredmedia":[{"embeddable":true,"href":"https:\/\/ftgkallefall.com\/de\/wp-json\/wp\/v2\/media\/1356"}],"wp:attachment":[{"href":"https:\/\/ftgkallefall.com\/de\/wp-json\/wp\/v2\/media?parent=1998"}],"wp:term":[{"taxonomy":"product_cat","embeddable":true,"href":"https:\/\/ftgkallefall.com\/de\/wp-json\/wp\/v2\/product_cat?post=1998"},{"taxonomy":"product_tag","embeddable":true,"href":"https:\/\/ftgkallefall.com\/de\/wp-json\/wp\/v2\/product_tag?post=1998"}],"curies":[{"name":"wp","href":"https:\/\/api.w.org\/{rel}","templated":true}]}}