{"id":1999,"date":"2024-01-02T08:01:53","date_gmt":"2024-01-02T06:01:53","guid":{"rendered":"https:\/\/ftgkallefall.com\/?post_type=product&#038;p=1999"},"modified":"2024-06-26T16:28:22","modified_gmt":"2024-06-26T14:28:22","slug":"stehpodest-mit-sitz","status":"publish","type":"product","link":"https:\/\/ftgkallefall.com\/de\/produkt\/stehpodest-mit-sitz\/","title":{"rendered":"Stehpodest mit Sitz"},"content":{"rendered":"<p>Passend f\u00fcr alle FTG K\u00e4llefall-Anh\u00e4nger.<\/p>\n","protected":false},"excerpt":{"rendered":"<p>Passend f\u00fcr alle FTG K\u00e4llefall-Anh\u00e4nger.<\/p>\n","protected":false},"featured_media":1491,"comment_status":"closed","ping_status":"closed","template":"","meta":{"_acf_changed":false,"inline_featured_image":false},"product_cat":[85,98],"product_tag":[],"acf":[],"_links":{"self":[{"href":"https:\/\/ftgkallefall.com\/de\/wp-json\/wp\/v2\/product\/1999"}],"collection":[{"href":"https:\/\/ftgkallefall.com\/de\/wp-json\/wp\/v2\/product"}],"about":[{"href":"https:\/\/ftgkallefall.com\/de\/wp-json\/wp\/v2\/types\/product"}],"replies":[{"embeddable":true,"href":"https:\/\/ftgkallefall.com\/de\/wp-json\/wp\/v2\/comments?post=1999"}],"wp:featuredmedia":[{"embeddable":true,"href":"https:\/\/ftgkallefall.com\/de\/wp-json\/wp\/v2\/media\/1491"}],"wp:attachment":[{"href":"https:\/\/ftgkallefall.com\/de\/wp-json\/wp\/v2\/media?parent=1999"}],"wp:term":[{"taxonomy":"product_cat","embeddable":true,"href":"https:\/\/ftgkallefall.com\/de\/wp-json\/wp\/v2\/product_cat?post=1999"},{"taxonomy":"product_tag","embeddable":true,"href":"https:\/\/ftgkallefall.com\/de\/wp-json\/wp\/v2\/product_tag?post=1999"}],"curies":[{"name":"wp","href":"https:\/\/api.w.org\/{rel}","templated":true}]}}