{"id":2000,"date":"2024-01-02T06:41:22","date_gmt":"2024-01-02T04:41:22","guid":{"rendered":"https:\/\/ftgkallefall.com\/?post_type=product&#038;p=2000"},"modified":"2024-06-26T16:29:47","modified_gmt":"2024-06-26T14:29:47","slug":"stuetzfuss","status":"publish","type":"product","link":"https:\/\/ftgkallefall.com\/de\/produkt\/stuetzfuss\/","title":{"rendered":"St\u00fctzfu\u00df"},"content":{"rendered":"<p>Der St\u00fctzfu\u00df passt f\u00fcr folgende FTG | Forest Anh\u00e4nger: FB40D; FB50; FB60; FB70; FB90; FB90D; FB100.<\/p>\n","protected":false},"excerpt":{"rendered":"<p>Der St\u00fctzfu\u00df passt f\u00fcr folgende FTG | Forest Anh\u00e4nger: FB40D; FB50; FB60; FB70; FB90; FB90D; FB100.<\/p>\n","protected":false},"featured_media":1518,"comment_status":"closed","ping_status":"closed","template":"","meta":{"_acf_changed":false,"inline_featured_image":false},"product_cat":[85,98],"product_tag":[],"acf":[],"_links":{"self":[{"href":"https:\/\/ftgkallefall.com\/de\/wp-json\/wp\/v2\/product\/2000"}],"collection":[{"href":"https:\/\/ftgkallefall.com\/de\/wp-json\/wp\/v2\/product"}],"about":[{"href":"https:\/\/ftgkallefall.com\/de\/wp-json\/wp\/v2\/types\/product"}],"replies":[{"embeddable":true,"href":"https:\/\/ftgkallefall.com\/de\/wp-json\/wp\/v2\/comments?post=2000"}],"wp:featuredmedia":[{"embeddable":true,"href":"https:\/\/ftgkallefall.com\/de\/wp-json\/wp\/v2\/media\/1518"}],"wp:attachment":[{"href":"https:\/\/ftgkallefall.com\/de\/wp-json\/wp\/v2\/media?parent=2000"}],"wp:term":[{"taxonomy":"product_cat","embeddable":true,"href":"https:\/\/ftgkallefall.com\/de\/wp-json\/wp\/v2\/product_cat?post=2000"},{"taxonomy":"product_tag","embeddable":true,"href":"https:\/\/ftgkallefall.com\/de\/wp-json\/wp\/v2\/product_tag?post=2000"}],"curies":[{"name":"wp","href":"https:\/\/api.w.org\/{rel}","templated":true}]}}