{"id":2001,"date":"2023-12-28T14:11:56","date_gmt":"2023-12-28T12:11:56","guid":{"rendered":"https:\/\/ftgkallefall.com\/?post_type=product&#038;p=2001"},"modified":"2024-06-25T13:21:08","modified_gmt":"2024-06-25T13:21:08","slug":"6-rotatorgelenk-mit-doppelbremse","status":"publish","type":"product","link":"https:\/\/ftgkallefall.com\/de\/produkt\/6-rotatorgelenk-mit-doppelbremse\/","title":{"rendered":"6T Rotatorgelenk mit Doppelbremse"},"content":{"rendered":"<p>Rotatorgelenke werden verwendet, um die Kranspitze mit dem Rotator und dem Greifer zu verbinden.<\/p>\n<p>F\u00fcr schwerere Anwendungen, die eine Schwingungsd\u00e4mpfung erfordern, werden Rotatoren mit Pendelbremse ben\u00f6tigt. Dieses Gelenk hat eine doppelte Bremse in L\u00e4ngs- und Querrichtung.<\/p>\n","protected":false},"excerpt":{"rendered":"<p>passend f\u00fcr 6 Tonnen Rotator<\/p>\n","protected":false},"featured_media":1353,"comment_status":"open","ping_status":"closed","template":"","meta":{"_acf_changed":false,"inline_featured_image":false},"product_cat":[85,93],"product_tag":[],"acf":[],"_links":{"self":[{"href":"https:\/\/ftgkallefall.com\/de\/wp-json\/wp\/v2\/product\/2001"}],"collection":[{"href":"https:\/\/ftgkallefall.com\/de\/wp-json\/wp\/v2\/product"}],"about":[{"href":"https:\/\/ftgkallefall.com\/de\/wp-json\/wp\/v2\/types\/product"}],"replies":[{"embeddable":true,"href":"https:\/\/ftgkallefall.com\/de\/wp-json\/wp\/v2\/comments?post=2001"}],"wp:featuredmedia":[{"embeddable":true,"href":"https:\/\/ftgkallefall.com\/de\/wp-json\/wp\/v2\/media\/1353"}],"wp:attachment":[{"href":"https:\/\/ftgkallefall.com\/de\/wp-json\/wp\/v2\/media?parent=2001"}],"wp:term":[{"taxonomy":"product_cat","embeddable":true,"href":"https:\/\/ftgkallefall.com\/de\/wp-json\/wp\/v2\/product_cat?post=2001"},{"taxonomy":"product_tag","embeddable":true,"href":"https:\/\/ftgkallefall.com\/de\/wp-json\/wp\/v2\/product_tag?post=2001"}],"curies":[{"name":"wp","href":"https:\/\/api.w.org\/{rel}","templated":true}]}}