{"id":2002,"date":"2024-01-02T06:54:38","date_gmt":"2024-01-02T04:54:38","guid":{"rendered":"https:\/\/ftgkallefall.com\/?post_type=product&#038;p=2002"},"modified":"2024-06-26T16:03:52","modified_gmt":"2024-06-26T14:03:52","slug":"kurbelstuetzfuss","status":"publish","type":"product","link":"https:\/\/ftgkallefall.com\/de\/produkt\/kurbelstuetzfuss\/","title":{"rendered":"Kurbelst\u00fctzfu\u00df"},"content":{"rendered":"<p>Entwickelt und ideal f\u00fcr schwere Forstmaschinen. Pr\u00e4zisionsfertigung f\u00fcr langfristige Zuverl\u00e4ssigkeit und einfache Anwendung.<\/p>\n<p>Das quadratisch geformte Material bietet zus\u00e4tzliche Festigkeit beim Einsatz unter verschiedenen Bedingungen.<\/p>\n<p>Passend zu den Anh\u00e4ngern FB90, FB90D, FB100 und FB120D.<\/p>\n","protected":false},"excerpt":{"rendered":"<p>Entwickelt und ideal f\u00fcr schwere Forstmaschinen. Pr\u00e4zisionsfertigung f\u00fcr langfristige Zuverl\u00e4ssigkeit und einfache Anwendung. Das quadratisch geformte Material bietet zus\u00e4tzliche Festigkeit beim Einsatz unter verschiedenen Bedingungen. Passend zu den Anh\u00e4ngern FB90, FB90D, FB100 und FB120D.<\/p>\n","protected":false},"featured_media":1554,"comment_status":"closed","ping_status":"closed","template":"","meta":{"_acf_changed":false,"inline_featured_image":false},"product_cat":[85,98],"product_tag":[],"acf":[],"_links":{"self":[{"href":"https:\/\/ftgkallefall.com\/de\/wp-json\/wp\/v2\/product\/2002"}],"collection":[{"href":"https:\/\/ftgkallefall.com\/de\/wp-json\/wp\/v2\/product"}],"about":[{"href":"https:\/\/ftgkallefall.com\/de\/wp-json\/wp\/v2\/types\/product"}],"replies":[{"embeddable":true,"href":"https:\/\/ftgkallefall.com\/de\/wp-json\/wp\/v2\/comments?post=2002"}],"wp:featuredmedia":[{"embeddable":true,"href":"https:\/\/ftgkallefall.com\/de\/wp-json\/wp\/v2\/media\/1554"}],"wp:attachment":[{"href":"https:\/\/ftgkallefall.com\/de\/wp-json\/wp\/v2\/media?parent=2002"}],"wp:term":[{"taxonomy":"product_cat","embeddable":true,"href":"https:\/\/ftgkallefall.com\/de\/wp-json\/wp\/v2\/product_cat?post=2002"},{"taxonomy":"product_tag","embeddable":true,"href":"https:\/\/ftgkallefall.com\/de\/wp-json\/wp\/v2\/product_tag?post=2002"}],"curies":[{"name":"wp","href":"https:\/\/api.w.org\/{rel}","templated":true}]}}