{"id":2013,"date":"2024-01-09T14:22:59","date_gmt":"2024-01-09T12:22:59","guid":{"rendered":"https:\/\/ftgkallefall.com\/?post_type=product&#038;p=2013"},"modified":"2024-06-26T16:51:36","modified_gmt":"2024-06-26T14:51:36","slug":"kennzeichenbeleuchtungsschutz","status":"publish","type":"product","link":"https:\/\/ftgkallefall.com\/de\/produkt\/kennzeichenbeleuchtungsschutz\/","title":{"rendered":"Schutzb\u00fcgel f\u00fcr Kennzeichenbeleuchtung"},"content":{"rendered":"<p>Passend f\u00fcr Anh\u00e4nger FB70\/FB90 und FB120D.<\/p>\n","protected":false},"excerpt":{"rendered":"<p>For trailers FB70\/90 and FB120<\/p>\n","protected":false},"featured_media":1497,"comment_status":"open","ping_status":"closed","template":"","meta":{"_acf_changed":false,"inline_featured_image":false},"product_cat":[85,98],"product_tag":[],"acf":[],"_links":{"self":[{"href":"https:\/\/ftgkallefall.com\/de\/wp-json\/wp\/v2\/product\/2013"}],"collection":[{"href":"https:\/\/ftgkallefall.com\/de\/wp-json\/wp\/v2\/product"}],"about":[{"href":"https:\/\/ftgkallefall.com\/de\/wp-json\/wp\/v2\/types\/product"}],"replies":[{"embeddable":true,"href":"https:\/\/ftgkallefall.com\/de\/wp-json\/wp\/v2\/comments?post=2013"}],"wp:featuredmedia":[{"embeddable":true,"href":"https:\/\/ftgkallefall.com\/de\/wp-json\/wp\/v2\/media\/1497"}],"wp:attachment":[{"href":"https:\/\/ftgkallefall.com\/de\/wp-json\/wp\/v2\/media?parent=2013"}],"wp:term":[{"taxonomy":"product_cat","embeddable":true,"href":"https:\/\/ftgkallefall.com\/de\/wp-json\/wp\/v2\/product_cat?post=2013"},{"taxonomy":"product_tag","embeddable":true,"href":"https:\/\/ftgkallefall.com\/de\/wp-json\/wp\/v2\/product_tag?post=2013"}],"curies":[{"name":"wp","href":"https:\/\/api.w.org\/{rel}","templated":true}]}}