{"id":2016,"date":"2024-01-09T13:58:53","date_gmt":"2024-01-09T11:58:53","guid":{"rendered":"https:\/\/ftgkallefall.com\/?post_type=product&#038;p=2016"},"modified":"2024-06-26T16:56:53","modified_gmt":"2024-06-26T14:56:53","slug":"rungenverlaengerung","status":"publish","type":"product","link":"https:\/\/ftgkallefall.com\/de\/produkt\/rungenverlaengerung\/","title":{"rendered":"Rungenverl\u00e4ngerung"},"content":{"rendered":"<p>Rungenverl\u00e4ngerungsh\u00f6he 200 mm.<\/p>\n<p>1 Satz enth\u00e4lt 2 St\u00fcck.<\/p>\n","protected":false},"excerpt":{"rendered":"<p>Pfahlverl\u00e4ngerungen f\u00fcr Trailer FB50\/FB60\/FB70, FB90\/FB90D\/FB100 und FB120<\/p>\n","protected":false},"featured_media":1437,"comment_status":"open","ping_status":"closed","template":"","meta":{"_acf_changed":false,"inline_featured_image":false},"product_cat":[85,98],"product_tag":[],"acf":[],"_links":{"self":[{"href":"https:\/\/ftgkallefall.com\/de\/wp-json\/wp\/v2\/product\/2016"}],"collection":[{"href":"https:\/\/ftgkallefall.com\/de\/wp-json\/wp\/v2\/product"}],"about":[{"href":"https:\/\/ftgkallefall.com\/de\/wp-json\/wp\/v2\/types\/product"}],"replies":[{"embeddable":true,"href":"https:\/\/ftgkallefall.com\/de\/wp-json\/wp\/v2\/comments?post=2016"}],"wp:featuredmedia":[{"embeddable":true,"href":"https:\/\/ftgkallefall.com\/de\/wp-json\/wp\/v2\/media\/1437"}],"wp:attachment":[{"href":"https:\/\/ftgkallefall.com\/de\/wp-json\/wp\/v2\/media?parent=2016"}],"wp:term":[{"taxonomy":"product_cat","embeddable":true,"href":"https:\/\/ftgkallefall.com\/de\/wp-json\/wp\/v2\/product_cat?post=2016"},{"taxonomy":"product_tag","embeddable":true,"href":"https:\/\/ftgkallefall.com\/de\/wp-json\/wp\/v2\/product_tag?post=2016"}],"curies":[{"name":"wp","href":"https:\/\/api.w.org\/{rel}","templated":true}]}}